{"id":611,"date":"2017-09-19T16:00:47","date_gmt":"2017-09-19T14:00:47","guid":{"rendered":"http:\/\/catrionamclean.com\/shopfr\/?page_id=611"},"modified":"2019-03-07T11:53:23","modified_gmt":"2019-03-07T10:53:23","slug":"contact","status":"publish","type":"page","link":"https:\/\/catrionamclean.com\/shopfr\/contact\/","title":{"rendered":"Contact"},"content":{"rendered":"\n\n\n\n<div class=\"wpcf7 no-js\" id=\"wpcf7-f7177-o1\" lang=\"fr-FR\" dir=\"ltr\" data-wpcf7-id=\"7177\">\n<div class=\"screen-reader-response\"><p role=\"status\" aria-live=\"polite\" aria-atomic=\"true\"><\/p> <ul><\/ul><\/div>\n<form action=\"\/shopfr\/wp-json\/wp\/v2\/pages\/611#wpcf7-f7177-o1\" method=\"post\" class=\"wpcf7-form init\" aria-label=\"Formulaire de contact\" novalidate=\"novalidate\" data-status=\"init\">\n<fieldset class=\"hidden-fields-container\"><input type=\"hidden\" name=\"_wpcf7\" value=\"7177\" \/><input type=\"hidden\" name=\"_wpcf7_version\" value=\"6.1.5\" \/><input type=\"hidden\" name=\"_wpcf7_locale\" value=\"fr_FR\" \/><input type=\"hidden\" name=\"_wpcf7_unit_tag\" value=\"wpcf7-f7177-o1\" \/><input type=\"hidden\" name=\"_wpcf7_container_post\" value=\"0\" \/><input type=\"hidden\" name=\"_wpcf7_posted_data_hash\" value=\"\" \/><input type=\"hidden\" name=\"_wpcf7dtx_version\" value=\"5.0.5\" \/>\n<\/fieldset>\n<p><label> Votre adresse email *<br \/>\n<span class=\"wpcf7-form-control-wrap your-email\" data-name=\"your-email\"><input type=\"text\" name=\"your-email\" class=\"wpcf7-form-control wpcf7-text wpcf7dtx wpcf7dtx-text\" aria-invalid=\"false\" required=\"required\"><\/span><br \/>\n<\/label>\n<\/p>\n<p><label> Votre prenom<br \/>\n<span class=\"wpcf7-form-control-wrap your-firstname\" data-name=\"your-firstname\"><input type=\"text\" name=\"your-firstname\" class=\"wpcf7-form-control wpcf7-text wpcf7dtx wpcf7dtx-text\" aria-invalid=\"false\"><\/span><br \/>\n<\/label>\n<\/p>\n<p><label> Votre nom *<br \/>\n<span class=\"wpcf7-form-control-wrap your-lastname\" data-name=\"your-lastname\"><input type=\"text\" name=\"your-lastname\" class=\"wpcf7-form-control wpcf7-text wpcf7dtx wpcf7dtx-text\" aria-invalid=\"false\" required=\"required\"><\/span><br \/>\n<\/label>\n<\/p>\n<p><label> Votre num\u00e9ro de t\u00e9l\u00e9phone<br \/>\n<span class=\"wpcf7-form-control-wrap\" data-name=\"your-telephone\"><input size=\"40\" maxlength=\"400\" class=\"wpcf7-form-control wpcf7-text\" aria-invalid=\"false\" value=\"\" type=\"text\" name=\"your-telephone\" \/><\/span> <\/label>\n<\/p>\n<p><label> Objet<br \/>\n<span class=\"wpcf7-form-control-wrap\" data-name=\"your-subject\"><input size=\"40\" maxlength=\"400\" class=\"wpcf7-form-control wpcf7-text\" aria-invalid=\"false\" value=\"Demande des renseignements\" type=\"text\" name=\"your-subject\" \/><\/span> <\/label>\n<\/p>\n<p><label> Votre message<br \/>\n<span class=\"wpcf7-form-control-wrap\" data-name=\"your-message\"><textarea cols=\"40\" rows=\"10\" maxlength=\"2000\" class=\"wpcf7-form-control wpcf7-textarea\" aria-invalid=\"false\" name=\"your-message\"><\/textarea><\/span> <\/label>\n<\/p>\n<p><input class=\"wpcf7-form-control wpcf7-submit has-spinner\" type=\"submit\" value=\"Envoyer\" \/>\n<\/p><div class=\"wpcf7-response-output\" aria-hidden=\"true\"><\/div>\n<\/form>\n<\/div>\n\n","protected":false},"excerpt":{"rendered":"","protected":false},"author":2,"featured_media":0,"parent":0,"menu_order":0,"comment_status":"closed","ping_status":"closed","template":"","meta":{"footnotes":"","_links_to":"","_links_to_target":""},"class_list":["post-611","page","type-page","status-publish","hentry"],"jetpack_shortlink":"https:\/\/wp.me\/PaEd9m-9R","jetpack_sharing_enabled":true,"_links":{"self":[{"href":"https:\/\/catrionamclean.com\/shopfr\/wp-json\/wp\/v2\/pages\/611","targetHints":{"allow":["GET"]}}],"collection":[{"href":"https:\/\/catrionamclean.com\/shopfr\/wp-json\/wp\/v2\/pages"}],"about":[{"href":"https:\/\/catrionamclean.com\/shopfr\/wp-json\/wp\/v2\/types\/page"}],"author":[{"embeddable":true,"href":"https:\/\/catrionamclean.com\/shopfr\/wp-json\/wp\/v2\/users\/2"}],"replies":[{"embeddable":true,"href":"https:\/\/catrionamclean.com\/shopfr\/wp-json\/wp\/v2\/comments?post=611"}],"version-history":[{"count":8,"href":"https:\/\/catrionamclean.com\/shopfr\/wp-json\/wp\/v2\/pages\/611\/revisions"}],"predecessor-version":[{"id":7185,"href":"https:\/\/catrionamclean.com\/shopfr\/wp-json\/wp\/v2\/pages\/611\/revisions\/7185"}],"wp:attachment":[{"href":"https:\/\/catrionamclean.com\/shopfr\/wp-json\/wp\/v2\/media?parent=611"}],"curies":[{"name":"wp","href":"https:\/\/api.w.org\/{rel}","templated":true}]}}