{"id":1021,"date":"2018-04-17T11:31:19","date_gmt":"2018-04-17T09:31:19","guid":{"rendered":"https:\/\/catrionamclean.com\/shopfr\/?post_type=product&#038;p=1021"},"modified":"2025-07-23T11:49:52","modified_gmt":"2025-07-23T09:49:52","slug":"fch-c3-001","status":"publish","type":"product","link":"https:\/\/catrionamclean.com\/shopfr\/produit\/fch-c3-001\/","title":{"rendered":"Foxgloves Hats Chapeau &lsquo;C3&rsquo; noir"},"content":{"rendered":"<p>Le chapeau Foxgloves C3 est Confortable, Crochet\u00e9 en Coton. Les chapeaux C3 sont l\u00e9gers, pratiques et agr\u00e9ables \u00e0 porter. Ils sont crochet\u00e9s \u00e0 la main \u00e0 Bali par une coop\u00e9rative de femmes, chaque exemplaire est unique.<\/p>\n<p>Un bord de 10 cm et un crochet serr\u00e9 assurent une protection solaire UPF 50+. C3 est parfait pour le jardin, la plage et les voyages. Il se range \u00e0 plat dans votre valise ou vous pouvez le plier dans votre sac de plage. S&rsquo;il fait tr\u00e8s chaud, trempez-le dans l&rsquo;eau et portez-le mouill\u00e9 pour qu&rsquo;il refroidisse. Le C3 a deux anneaux en plastique dans le bord que vous pouvez utiliser pour fa\u00e7onner, styler et remodeler le chapeau encore et encore.Tout le monde a l&rsquo;air \u00e9l\u00e9gant en C3. <\/p>\n<p>Laver \u00e0 la main \u00e0 l&rsquo;eau froide et s\u00e9cher \u00e0 plat. Vous allez l&rsquo;adorer!<\/p>\n","protected":false},"excerpt":{"rendered":"<p>Le chapeau Foxgloves C3 est Confortable, Crochet\u00e9 en Coton. Les chapeaux C3 sont l\u00e9gers, pratiques et agr\u00e9ables \u00e0 porter. Ils sont crochet\u00e9s \u00e0 la main \u00e0 Bali par une coop\u00e9rative de femmes, chaque exemplaire est unique. Un bord de 10 cm et un crochet serr\u00e9 assurent une protection solaire UPF 50+. C3 est parfait pour [&hellip;]<\/p>\n","protected":false},"featured_media":1026,"comment_status":"closed","ping_status":"closed","template":"","meta":{"_links_to":"","_links_to_target":""},"product_brand":[],"product_cat":[98],"product_tag":[91,151,152,165],"class_list":{"0":"post-1021","1":"product","2":"type-product","3":"status-publish","4":"has-post-thumbnail","6":"product_cat-chapeaux-foxgloves","7":"product_tag-chapeaux","8":"product_tag-cotton","9":"product_tag-crochet","10":"product_tag-foxgloves","11":"product_shipping_class-col250","13":"first","14":"instock","15":"purchasable","16":"product-type-simple"},"jetpack_sharing_enabled":true,"_links":{"self":[{"href":"https:\/\/catrionamclean.com\/shopfr\/wp-json\/wp\/v2\/product\/1021","targetHints":{"allow":["GET"]}}],"collection":[{"href":"https:\/\/catrionamclean.com\/shopfr\/wp-json\/wp\/v2\/product"}],"about":[{"href":"https:\/\/catrionamclean.com\/shopfr\/wp-json\/wp\/v2\/types\/product"}],"replies":[{"embeddable":true,"href":"https:\/\/catrionamclean.com\/shopfr\/wp-json\/wp\/v2\/comments?post=1021"}],"wp:featuredmedia":[{"embeddable":true,"href":"https:\/\/catrionamclean.com\/shopfr\/wp-json\/wp\/v2\/media\/1026"}],"wp:attachment":[{"href":"https:\/\/catrionamclean.com\/shopfr\/wp-json\/wp\/v2\/media?parent=1021"}],"wp:term":[{"taxonomy":"product_brand","embeddable":true,"href":"https:\/\/catrionamclean.com\/shopfr\/wp-json\/wp\/v2\/product_brand?post=1021"},{"taxonomy":"product_cat","embeddable":true,"href":"https:\/\/catrionamclean.com\/shopfr\/wp-json\/wp\/v2\/product_cat?post=1021"},{"taxonomy":"product_tag","embeddable":true,"href":"https:\/\/catrionamclean.com\/shopfr\/wp-json\/wp\/v2\/product_tag?post=1021"}],"curies":[{"name":"wp","href":"https:\/\/api.w.org\/{rel}","templated":true}]}}