{"id":185,"date":"2017-09-18T15:27:05","date_gmt":"2017-09-18T13:27:05","guid":{"rendered":"http:\/\/catrionamclean.com\/shopfr\/produit\/dw-3048\/"},"modified":"2023-08-14T13:08:46","modified_gmt":"2023-08-14T11:08:46","slug":"dw-3048","status":"publish","type":"product","link":"https:\/\/catrionamclean.com\/shopfr\/produit\/dw-3048\/","title":{"rendered":"DW 3048 De Wit Plantoir \u00e0 bulbes crocus &#8211; manche court"},"content":{"rendered":"<p>Petit plantoir \u00e0 bulbes \u2013 id\u00e9al pour les bulbes de crocus et autres petits bulbes comme les alliums.<br \/>\nRobuste et pratique, avec t\u00eate pointue et aiguis\u00e9e pour percer facilement le sol.<\/p>\n<p>Forg\u00e9 en acier carbone<\/p>\n<p>Poign\u00e9e en fr\u00eane<br \/>\nPointu et aiguis\u00e9 pour faciliter l\u2019entr\u00e9e dans le sol<br \/>\nFabriqu\u00e9 en Hollande par DE WIT<br \/>\nDimensions: 280x40x40 mm<br \/>\nPoids: 0.19 kg<\/p>\n<p>De Wit, Artisans depuis 1898<br \/>\nDepuis plus de 115 ans, le nom de De Wit est synonyme d\u2019un artisanat fiable et de grande qualit\u00e9. Depuis 1898, la famille De Wit fabrique des outils de jardinage et des outils agricoles en acier au carbone dans leur fonderie dans le nord de la Hollande.<br \/>\nC\u2019est une entreprise familiale qui associe l\u2019artisanat \u00e0 la tradition mais qui n\u2019a pas peur d\u2019innover.<br \/>\nChoisir De Wit est une garantie d\u2019avoir des outils forg\u00e9s de la meilleure qualit\u00e9, avec une gamme de produits r\u00e9put\u00e9s dans le monde entier.<br \/>\nLes outils en acier forg\u00e9 sont les plus r\u00e9sistants. L\u2019acier au carbone est par nature beaucoup plus solide que l\u2019acier inoxydable.<br \/>\nCes outils en acier forg\u00e9s \u00e0 la main, sont d\u2019excellente qualit\u00e9 et sont les meilleurs pour jardiner. Le nom De Wit est tr\u00e8s renomm\u00e9 dans le monde du jardinage.<br \/>\nChaque mod\u00e8le poss\u00e8de une teneur en carbone ajout\u00e9e \u00e0 l\u2019acier, bien sp\u00e9cifique en fonction de son utilisation. Les lames sont forg\u00e9es \u00e0 la main et p\u00e9n\u00e8trent dans le sol avec beaucoup de facilit\u00e9 gr\u00e2ce \u00e0 leur bord effil\u00e9.<br \/>\nLes poign\u00e9es en bois franc sont en fr\u00eane europ\u00e9en de source durable. Elles sont huil\u00e9es et la prise en main est douce et tr\u00e8s confortable, m\u00eame pour le jardinage difficile.<\/p>\n","protected":false},"excerpt":{"rendered":"<p>Plantoir \u00e0 bulbes en acier carbone pour la plantation de petits bulbes comme\u00a0 les crocus. Poign\u00e9e en fr\u00eane.<br \/>\n<em>Crocus bulbplanter \u2013 140mm<\/em><\/p>\n","protected":false},"featured_media":186,"comment_status":"closed","ping_status":"closed","template":"","meta":{"_links_to":"","_links_to_target":""},"product_brand":[],"product_cat":[16],"product_tag":[162,163],"class_list":{"0":"post-185","1":"product","2":"type-product","3":"status-publish","4":"has-post-thumbnail","6":"product_cat-outils-a-main-de-wit","7":"product_tag-de-wit","8":"product_tag-plantoir-bulbes","9":"product_shipping_class-col750","11":"first","12":"instock","13":"purchasable","14":"product-type-simple"},"jetpack_sharing_enabled":true,"_links":{"self":[{"href":"https:\/\/catrionamclean.com\/shopfr\/wp-json\/wp\/v2\/product\/185","targetHints":{"allow":["GET"]}}],"collection":[{"href":"https:\/\/catrionamclean.com\/shopfr\/wp-json\/wp\/v2\/product"}],"about":[{"href":"https:\/\/catrionamclean.com\/shopfr\/wp-json\/wp\/v2\/types\/product"}],"replies":[{"embeddable":true,"href":"https:\/\/catrionamclean.com\/shopfr\/wp-json\/wp\/v2\/comments?post=185"}],"wp:featuredmedia":[{"embeddable":true,"href":"https:\/\/catrionamclean.com\/shopfr\/wp-json\/wp\/v2\/media\/186"}],"wp:attachment":[{"href":"https:\/\/catrionamclean.com\/shopfr\/wp-json\/wp\/v2\/media?parent=185"}],"wp:term":[{"taxonomy":"product_brand","embeddable":true,"href":"https:\/\/catrionamclean.com\/shopfr\/wp-json\/wp\/v2\/product_brand?post=185"},{"taxonomy":"product_cat","embeddable":true,"href":"https:\/\/catrionamclean.com\/shopfr\/wp-json\/wp\/v2\/product_cat?post=185"},{"taxonomy":"product_tag","embeddable":true,"href":"https:\/\/catrionamclean.com\/shopfr\/wp-json\/wp\/v2\/product_tag?post=185"}],"curies":[{"name":"wp","href":"https:\/\/api.w.org\/{rel}","templated":true}]}}