{"id":227,"date":"2017-09-18T15:27:22","date_gmt":"2017-09-18T13:27:22","guid":{"rendered":"http:\/\/catrionamclean.com\/shopfr\/produit\/dw-3093\/"},"modified":"2023-06-28T11:28:13","modified_gmt":"2023-06-28T09:28:13","slug":"dw-3093","status":"publish","type":"product","link":"https:\/\/catrionamclean.com\/shopfr\/produit\/dw-3093\/","title":{"rendered":"De Wit Petite B\u00eache \u00e0 main &#8211; 400mm"},"content":{"rendered":"<p>Petite b\u00eache avec manche 400mm en acier carbone. c&rsquo;est id\u00e9ale pour traviller \u00e0 genoux.Ce b\u00eache est id\u00e9al aussi pour les travaux l\u00e9gers dans des sols souples et frais pour la plantation de petits arbustes et transplantation des vivaces. Ce n&rsquo;est pas un b\u00eache pour une utilisation intensive.<\/p>\n<p>Acier carbone forg\u00e9 en Hollande<br \/>\nLame en courbe et l\u00e9g\u00e8rement aguis\u00e9.<br \/>\nSolide pour plantation en terre souple<br \/>Fabriqu\u00e9 en Hollande par DE WIT<br \/>Dimensions: 510x110x170 mm<br \/>Poids: 0.66 kg<\/p>\n<p>De Wit, Artisans depuis 1898<br \/>\nDepuis plus de 115 ans, le nom de De Wit est synonyme d\u2019un artisanat fiable et de grande qualit\u00e9. Depuis 1898, la famille De Wit fabrique des outils de jardinage et des outils agricoles en acier au carbone dans leur fonderie dans le nord de la Hollande.<br \/>\nC\u2019est une entreprise familiale qui associe l&rsquo;artisanat \u00e0 la tradition, qui n&rsquo;a pas peur de l&rsquo;innovation. Choisir De Wit est une garantie pour la qualit\u00e9 la plus fine des outils forg\u00e9s, avec une gamme de produits v\u00e9n\u00e9r\u00e9s dans le monde entier.<br \/>\nLes outils en acier forg\u00e9 sont les plus r\u00e9sistants. L\u2019acier au carbone est par nature beaucoup plus solide que l&rsquo;acier inoxydable.<br \/>\nCes outils en acier forg\u00e9s \u00e0 la main, sont de la plus haute qualit\u00e9, et sont les meilleurs  pour jardiner .Le nom De Wit est renomm\u00e9 dans le monde du jardinage.<br \/>\nChaque mod\u00e8le poss\u00e8de une teneur en carbone en acier sp\u00e9cifique en fonction de son utilisation. Les lames sont forg\u00e9es \u00e0 la main avec un bord effil\u00e9 qui p\u00e9n\u00e8trent dans le sol avec beaucoup de facilit\u00e9.<br \/>\nLes poign\u00e9es en bois franc sont en fr\u00eane europ\u00e9en de source durable. Elles sont huil\u00e9es et la prise en main est douce et tr\u00e8s confortable, m\u00eame pour le jardinage difficile.<\/p>\n","protected":false},"excerpt":{"rendered":"<p>Petite b\u00eache \u00e0 main avec manche courte pour travailler \u00e0 genoux<br \/>\nLame de b\u00eache en acier carbone<br \/><em>Garden Handspade &#8211; 400mm<\/em><\/p>\n","protected":false},"featured_media":228,"comment_status":"closed","ping_status":"closed","template":"","meta":{"_links_to":"","_links_to_target":""},"product_brand":[],"product_cat":[34],"product_tag":[40,162],"class_list":{"0":"post-227","1":"product","2":"type-product","3":"status-publish","4":"has-post-thumbnail","6":"product_cat-outils-a-manche-de-wit","7":"product_tag-beche","8":"product_tag-de-wit","9":"product_shipping_class-col1k","11":"first","12":"instock","13":"purchasable","14":"product-type-simple"},"jetpack_sharing_enabled":true,"_links":{"self":[{"href":"https:\/\/catrionamclean.com\/shopfr\/wp-json\/wp\/v2\/product\/227","targetHints":{"allow":["GET"]}}],"collection":[{"href":"https:\/\/catrionamclean.com\/shopfr\/wp-json\/wp\/v2\/product"}],"about":[{"href":"https:\/\/catrionamclean.com\/shopfr\/wp-json\/wp\/v2\/types\/product"}],"replies":[{"embeddable":true,"href":"https:\/\/catrionamclean.com\/shopfr\/wp-json\/wp\/v2\/comments?post=227"}],"wp:featuredmedia":[{"embeddable":true,"href":"https:\/\/catrionamclean.com\/shopfr\/wp-json\/wp\/v2\/media\/228"}],"wp:attachment":[{"href":"https:\/\/catrionamclean.com\/shopfr\/wp-json\/wp\/v2\/media?parent=227"}],"wp:term":[{"taxonomy":"product_brand","embeddable":true,"href":"https:\/\/catrionamclean.com\/shopfr\/wp-json\/wp\/v2\/product_brand?post=227"},{"taxonomy":"product_cat","embeddable":true,"href":"https:\/\/catrionamclean.com\/shopfr\/wp-json\/wp\/v2\/product_cat?post=227"},{"taxonomy":"product_tag","embeddable":true,"href":"https:\/\/catrionamclean.com\/shopfr\/wp-json\/wp\/v2\/product_tag?post=227"}],"curies":[{"name":"wp","href":"https:\/\/api.w.org\/{rel}","templated":true}]}}