{"id":269,"date":"2017-09-18T15:27:42","date_gmt":"2017-09-18T13:27:42","guid":{"rendered":"http:\/\/catrionamclean.com\/shopfr\/produit\/oka-101\/"},"modified":"2025-03-10T15:12:47","modified_gmt":"2025-03-10T14:12:47","slug":"oka-101","status":"publish","type":"product","link":"https:\/\/catrionamclean.com\/shopfr\/produit\/oka-101\/","title":{"rendered":"OKA 101 Okatsune S\u00e9cateur japonais 101 &#8211; 180mm"},"content":{"rendered":"<p>Le s\u00e9cateur Okatsune 101 est le pur type des s\u00e9cateurs:<br \/>\n&#8211; Aiguis\u00e9 comme une lame de rasoir, pour une coupe toujours nette<br \/>\n&#8211; De conception simple pour utilisation optimale et facile<br \/>\n&#8211; Particuli\u00e8rement robuste, avec un poids l\u00e9ger<\/p>\n<p>Les lames de ce s\u00e9cateur japonais (Sentei Basami) sont particuli\u00e8rement bien forg\u00e9es dans le fameux acier IZUMO YASUGI et ont une tr\u00e8s haute duret\u00e9 de 60,0 \u00e0 61,0 sur l\u2019\u00e9chelle Rockwell. Par cons\u00e9quent, les lames restent aff\u00fbt\u00e9es plus longtemps et donnent toujours une coupe pr\u00e9cise et nette du bois et sans effort. En plus, Okatsune allie la duret\u00e9 avec une flexibilit\u00e9 sp\u00e9ciale, ainsi la lame est toujours align\u00e9e par rapport \u00e0 la contre lame m\u00eame apr\u00e8s un usage intensif.<\/p>\n<p>La lame est aiguis\u00e9e sur deux angles, ainsi la coupe sera sans \u00e0-coup \u00e0 travers le bois et n&rsquo;endommagera pas inutilement la plante. En raison de sa forme convexe la contre-lame effleure la lame permettant \u00e0 la s\u00e8ve de s&rsquo;\u00e9couler, et les lames ne s\u2019\u00e9cartent pas. La forme en V du ressort r\u00e9partit uniform\u00e9ment l\u2019effort sur toute la longueur du ressort qui garantit une fermeture en douceur.<\/p>\n<p>Compact pour petite main<br \/>\nLongueur: 180 mm<br \/>\nDiam\u00e8tre de coupe: 25 mm max<br \/>\nLongueur de lame: 53 mm<br \/>\nPoids l\u00e9ger: 177 gr<br \/>\nFabriqu\u00e9 en Japon par OKATSUNE<br \/>\nPoids: 0.18 kg<\/p>\n<p>A propos d&rsquo;Okatsune<br \/>\nDe l&rsquo;apprenti au Ma\u00eetre forgeron<br \/>\nDans les ann\u00e9es 1940 Tsuneichi Okano, qui avait commenc\u00e9 sa carri\u00e8re comme apprenti forgeron en 1925, a cr\u00e9\u00e9 la soci\u00e9t\u00e9 Okatsune \u00e0 Hiroshima, au Japon. Il inventa le nom Okatsune \u00e0 partir de son propre nom. Au d\u00e9but, M. Okano forgeait une quantit\u00e9 limit\u00e9e de ciseaux de qualit\u00e9 sup\u00e9rieure, de mani\u00e8re traditionnelle et ensuite il a travaill\u00e9 avec un processus unique. Il a fait les poign\u00e9es rouges et blanches, une combinaison symbolisant le bonheur. Pr\u00e8s de 70 ans plus tard Okatsune est au Japon l&rsquo;incontest\u00e9 num\u00e9ro 1, et ses cisailles sont utilis\u00e9es partout dans le monde<br \/>\nQualit\u00e9 unique<br \/>\nLes s\u00e9cateurs sont particuli\u00e8rement bien forg\u00e9s dans le meilleur acier Izumo Yasugi, qui est traditionnellement utilis\u00e9 pour les sabres Katana utilis\u00e9s par les Chevaliers du Samurai. L\u2019acier Izumo Yasugi est caract\u00e9ris\u00e9 par sa haute teneur en carbone et est forg\u00e9 par les meilleurs ma\u00eetres forgerons du Japon, en utilisant une technologie ancestrale. Par cons\u00e9quent, Les lames restent aff\u00fbt\u00e9es plus longtemps et donnent toujours une coupe pr\u00e9cise et nette du bois sans effort. En plus, Okatsune allie la duret\u00e9 avec une flexibilit\u00e9 sp\u00e9ciale, ainsi la lame est toujours align\u00e9e par rapport \u00e0 la contre lame m\u00eame apr\u00e8s un usage intensif.<br \/>\nTranchant :<br \/>\nLes cisailles Okatsune sont ac\u00e9r\u00e9es. Ce tranchant r\u00e9sulte de l&rsquo;acier des lames qui ont une duret\u00e9 tr\u00e8s \u00e9lev\u00e9e. Cette duret\u00e9 conserve les lames aff\u00fbt\u00e9es pendant une longue p\u00e9riode et assure toujours une coupe nette et pr\u00e9cise. La lame a \u00e9t\u00e9 aiguis\u00e9e sur deux angles, il y aura ainsi moins de r\u00e9sistance lors de la coupe du bois.<\/p>\n","protected":false},"excerpt":{"rendered":"<p>S\u00e9cateur Okatsune 101 pour petite main<br \/>\n<em>Okatsune Secateur 101<\/em><\/p>\n","protected":false},"featured_media":270,"comment_status":"closed","ping_status":"closed","template":"","meta":{"_links_to":"","_links_to_target":""},"product_brand":[],"product_cat":[43],"product_tag":[157,45],"class_list":{"0":"post-269","1":"product","2":"type-product","3":"status-publish","4":"has-post-thumbnail","6":"product_cat-secateurs-epinettes-okatsune","7":"product_tag-okatsune","8":"product_tag-secateur","9":"product_shipping_class-col250","11":"first","12":"outofstock","13":"purchasable","14":"product-type-simple"},"jetpack_sharing_enabled":true,"_links":{"self":[{"href":"https:\/\/catrionamclean.com\/shopfr\/wp-json\/wp\/v2\/product\/269","targetHints":{"allow":["GET"]}}],"collection":[{"href":"https:\/\/catrionamclean.com\/shopfr\/wp-json\/wp\/v2\/product"}],"about":[{"href":"https:\/\/catrionamclean.com\/shopfr\/wp-json\/wp\/v2\/types\/product"}],"replies":[{"embeddable":true,"href":"https:\/\/catrionamclean.com\/shopfr\/wp-json\/wp\/v2\/comments?post=269"}],"wp:featuredmedia":[{"embeddable":true,"href":"https:\/\/catrionamclean.com\/shopfr\/wp-json\/wp\/v2\/media\/270"}],"wp:attachment":[{"href":"https:\/\/catrionamclean.com\/shopfr\/wp-json\/wp\/v2\/media?parent=269"}],"wp:term":[{"taxonomy":"product_brand","embeddable":true,"href":"https:\/\/catrionamclean.com\/shopfr\/wp-json\/wp\/v2\/product_brand?post=269"},{"taxonomy":"product_cat","embeddable":true,"href":"https:\/\/catrionamclean.com\/shopfr\/wp-json\/wp\/v2\/product_cat?post=269"},{"taxonomy":"product_tag","embeddable":true,"href":"https:\/\/catrionamclean.com\/shopfr\/wp-json\/wp\/v2\/product_tag?post=269"}],"curies":[{"name":"wp","href":"https:\/\/api.w.org\/{rel}","templated":true}]}}