{"id":319,"date":"2017-09-18T15:28:10","date_gmt":"2017-09-18T13:28:10","guid":{"rendered":"http:\/\/catrionamclean.com\/shopfr\/produit\/rev-3040\/"},"modified":"2023-10-30T11:02:24","modified_gmt":"2023-10-30T10:02:24","slug":"rev-3040","status":"publish","type":"product","link":"https:\/\/catrionamclean.com\/shopfr\/produit\/rev-3040\/","title":{"rendered":"REV 3040 Revex S\u00e9cateur Standard 20cm"},"content":{"rendered":"<p>Les secateurs Revex avec lames en inox sont fabrication francais par Arno. Ils sont tr\u00e8s robustes et avec grand confort..<\/p>\n<p>Fabriqu\u00e9 en France par REVEX<br \/>\nPoids: 0.36 kg<\/p>\n<p>REVEX Outils de coupe fabriqu\u00e9s en France<\/p>\n<p>Revex a 200 ann\u00e9es d\u2019exp\u00e9rience et investit au quotidien dans l\u2019innovation, dans la recherche et le d\u00e9veloppement afin d\u2019offrir des s\u00e9cateurs de qualit\u00e9 o\u00f9 l\u2019innovation technologique apporte un r\u00e9el avantage au quotidien : gain de temps, confort et s\u00e9curit\u00e9.<br \/>\nLes s\u00e9cateurs sont cr\u00e9\u00e9s par une entreprise qui a repris la marque Arno sous l\u2019intitul\u00e9 REVEX. L\u2019entreprise, toujours bas\u00e9e en Auvergne depuis 1927, continue \u00e0 fabriquer des s\u00e9cateurs et des outils de coupe.<\/p>\n","protected":false},"excerpt":{"rendered":"<p>S\u00e9cateur forg\u00e9 lame interchangeable 23 cm gainage pvc<br \/>\nStandard Secateurs 23cm<\/p>\n","protected":false},"featured_media":320,"comment_status":"closed","ping_status":"closed","template":"","meta":{"_links_to":"","_links_to_target":""},"product_brand":[],"product_cat":[48],"product_tag":[45],"class_list":{"0":"post-319","1":"product","2":"type-product","3":"status-publish","4":"has-post-thumbnail","6":"product_cat-secateurs-revex","7":"product_tag-secateur","8":"product_shipping_class-col500","10":"first","11":"instock","12":"purchasable","13":"product-type-simple"},"jetpack_sharing_enabled":true,"_links":{"self":[{"href":"https:\/\/catrionamclean.com\/shopfr\/wp-json\/wp\/v2\/product\/319","targetHints":{"allow":["GET"]}}],"collection":[{"href":"https:\/\/catrionamclean.com\/shopfr\/wp-json\/wp\/v2\/product"}],"about":[{"href":"https:\/\/catrionamclean.com\/shopfr\/wp-json\/wp\/v2\/types\/product"}],"replies":[{"embeddable":true,"href":"https:\/\/catrionamclean.com\/shopfr\/wp-json\/wp\/v2\/comments?post=319"}],"wp:featuredmedia":[{"embeddable":true,"href":"https:\/\/catrionamclean.com\/shopfr\/wp-json\/wp\/v2\/media\/320"}],"wp:attachment":[{"href":"https:\/\/catrionamclean.com\/shopfr\/wp-json\/wp\/v2\/media?parent=319"}],"wp:term":[{"taxonomy":"product_brand","embeddable":true,"href":"https:\/\/catrionamclean.com\/shopfr\/wp-json\/wp\/v2\/product_brand?post=319"},{"taxonomy":"product_cat","embeddable":true,"href":"https:\/\/catrionamclean.com\/shopfr\/wp-json\/wp\/v2\/product_cat?post=319"},{"taxonomy":"product_tag","embeddable":true,"href":"https:\/\/catrionamclean.com\/shopfr\/wp-json\/wp\/v2\/product_tag?post=319"}],"curies":[{"name":"wp","href":"https:\/\/api.w.org\/{rel}","templated":true}]}}