{"id":327,"date":"2017-09-18T15:28:11","date_gmt":"2017-09-18T13:28:11","guid":{"rendered":"http:\/\/catrionamclean.com\/shopfr\/produit\/rev-3060\/"},"modified":"2023-04-11T19:20:04","modified_gmt":"2023-04-11T17:20:04","slug":"rev-3060","status":"publish","type":"product","link":"https:\/\/catrionamclean.com\/shopfr\/produit\/rev-3060\/","title":{"rendered":"REV 3060 Revex S\u00e9cateur Standard 23cm"},"content":{"rendered":"<p>Fabriqu\u00e9 en France par REVEX<br \/>Poids: 0.36 kg<\/p>\n<p>REVEX Outils de coupe fabriqu\u00e9s en France<\/p>\n<p>Revex a 200 ann\u00e9es d\u2019exp\u00e9rience et investit au quotidien dans l\u2019innovation, dans la recherche et le d\u00e9veloppement afin d\u2019offrir des s\u00e9cateurs de qualit\u00e9 o\u00f9 l\u2019innovation technologique apporte un r\u00e9el avantage au quotidien : gain de temps, confort et s\u00e9curit\u00e9.<br \/>\nLes s\u00e9cateurs sont cr\u00e9\u00e9s par une entreprise qui a repris la marque Arno sous l\u2019intitul\u00e9 REVEX. L\u2019entreprise, toujours bas\u00e9e en Auvergne depuis 1927, continue \u00e0 fabriquer des s\u00e9cateurs et des outils de coupe.<\/p>\n","protected":false},"excerpt":{"rendered":"<p>S\u00e9cateur forg\u00e9 lame interchangeable 23 cm gainage pvc<br \/><em>Standard Secateurs 23cm<\/em><\/p>\n","protected":false},"featured_media":328,"comment_status":"closed","ping_status":"closed","template":"","meta":{"_links_to":"","_links_to_target":""},"product_brand":[],"product_cat":[48],"product_tag":[45],"class_list":{"0":"post-327","1":"product","2":"type-product","3":"status-publish","4":"has-post-thumbnail","6":"product_cat-secateurs-revex","7":"product_tag-secateur","8":"product_shipping_class-col500","10":"first","11":"instock","12":"purchasable","13":"product-type-simple"},"jetpack_sharing_enabled":true,"_links":{"self":[{"href":"https:\/\/catrionamclean.com\/shopfr\/wp-json\/wp\/v2\/product\/327","targetHints":{"allow":["GET"]}}],"collection":[{"href":"https:\/\/catrionamclean.com\/shopfr\/wp-json\/wp\/v2\/product"}],"about":[{"href":"https:\/\/catrionamclean.com\/shopfr\/wp-json\/wp\/v2\/types\/product"}],"replies":[{"embeddable":true,"href":"https:\/\/catrionamclean.com\/shopfr\/wp-json\/wp\/v2\/comments?post=327"}],"wp:featuredmedia":[{"embeddable":true,"href":"https:\/\/catrionamclean.com\/shopfr\/wp-json\/wp\/v2\/media\/328"}],"wp:attachment":[{"href":"https:\/\/catrionamclean.com\/shopfr\/wp-json\/wp\/v2\/media?parent=327"}],"wp:term":[{"taxonomy":"product_brand","embeddable":true,"href":"https:\/\/catrionamclean.com\/shopfr\/wp-json\/wp\/v2\/product_brand?post=327"},{"taxonomy":"product_cat","embeddable":true,"href":"https:\/\/catrionamclean.com\/shopfr\/wp-json\/wp\/v2\/product_cat?post=327"},{"taxonomy":"product_tag","embeddable":true,"href":"https:\/\/catrionamclean.com\/shopfr\/wp-json\/wp\/v2\/product_tag?post=327"}],"curies":[{"name":"wp","href":"https:\/\/api.w.org\/{rel}","templated":true}]}}