{"id":335,"date":"2017-09-18T15:28:12","date_gmt":"2017-09-18T13:28:12","guid":{"rendered":"http:\/\/catrionamclean.com\/shopfr\/produit\/rev-2340\/"},"modified":"2023-08-14T13:05:34","modified_gmt":"2023-08-14T11:05:34","slug":"rev-2340","status":"publish","type":"product","link":"https:\/\/catrionamclean.com\/shopfr\/produit\/rev-2340\/","title":{"rendered":"Revex S\u00e9cateur Monobloc Cuir 18cm"},"content":{"rendered":"<p>Une paire de s\u00e9cateurs robuste et efficace, forg\u00e9s en acier inoxydable de haute qualit\u00e9. Coupe monobloc \u00e0 effet ressort lisse, les poign\u00e9es de ces s\u00e9cateurs sont ganc\u00e9es en cuir pour une prise confortable. Le fermoir de s\u00e9curit\u00e9 assure une fermeture s\u00fbre.<\/p>\n<p>Fabrication francais<br \/>\nAcier inoxydable<br \/>\nPoign\u00e9es ganc\u00e9s en cuir<br \/>\nPermet de couper des branches jusqu&rsquo;\u00e0 10mm de diam\u00e8tre<br \/>\nFabriqu\u00e9 en France par REVEX<br \/>\nPoids: 0.2 kg<\/p>\n<p>REVEX Outils de coupe fabriqu\u00e9s en France<br \/>\nRevex a 200 ann\u00e9es d\u2019exp\u00e9riences et investit au quotidien l\u2019innovation dans la recherche et le d\u00e9veloppement afin d\u2019offrir des s\u00e9cateurs de qualit\u00e9s ou l\u2019innovation technologique apporte un r\u00e9el avantage au quotidien : gain de temps, confort et s\u00e9curit\u00e9.<br \/>\nLes gammes de s\u00e9cateurs Revex sont fabriqu\u00e9es par un petit fabricant de la r\u00e9gion d&rsquo;Auvergne qui fabrique des outils de coupe et des s\u00e9cateurs depuis 1927.<br \/>\nmais parfaitement adaptable pour toutes les tailles dans les jardins &#8211; par examples les roses, les vivaces ,les arbustes et les arbres.<\/p>\n","protected":false},"excerpt":{"rendered":"<p>S\u00e9cateur forg\u00e9 monobloc,manches gain\u00e9es cuir<br \/>\n<em>Basic Secateurs Leather 18cm<\/em><\/p>\n","protected":false},"featured_media":336,"comment_status":"closed","ping_status":"closed","template":"","meta":{"_links_to":"","_links_to_target":""},"product_brand":[],"product_cat":[48],"product_tag":[45],"class_list":{"0":"post-335","1":"product","2":"type-product","3":"status-publish","4":"has-post-thumbnail","6":"product_cat-secateurs-revex","7":"product_tag-secateur","8":"product_shipping_class-col500","10":"first","11":"instock","12":"purchasable","13":"product-type-simple"},"jetpack_sharing_enabled":true,"_links":{"self":[{"href":"https:\/\/catrionamclean.com\/shopfr\/wp-json\/wp\/v2\/product\/335","targetHints":{"allow":["GET"]}}],"collection":[{"href":"https:\/\/catrionamclean.com\/shopfr\/wp-json\/wp\/v2\/product"}],"about":[{"href":"https:\/\/catrionamclean.com\/shopfr\/wp-json\/wp\/v2\/types\/product"}],"replies":[{"embeddable":true,"href":"https:\/\/catrionamclean.com\/shopfr\/wp-json\/wp\/v2\/comments?post=335"}],"wp:featuredmedia":[{"embeddable":true,"href":"https:\/\/catrionamclean.com\/shopfr\/wp-json\/wp\/v2\/media\/336"}],"wp:attachment":[{"href":"https:\/\/catrionamclean.com\/shopfr\/wp-json\/wp\/v2\/media?parent=335"}],"wp:term":[{"taxonomy":"product_brand","embeddable":true,"href":"https:\/\/catrionamclean.com\/shopfr\/wp-json\/wp\/v2\/product_brand?post=335"},{"taxonomy":"product_cat","embeddable":true,"href":"https:\/\/catrionamclean.com\/shopfr\/wp-json\/wp\/v2\/product_cat?post=335"},{"taxonomy":"product_tag","embeddable":true,"href":"https:\/\/catrionamclean.com\/shopfr\/wp-json\/wp\/v2\/product_tag?post=335"}],"curies":[{"name":"wp","href":"https:\/\/api.w.org\/{rel}","templated":true}]}}