{"id":355,"date":"2017-09-18T15:28:20","date_gmt":"2017-09-18T13:28:20","guid":{"rendered":"http:\/\/catrionamclean.com\/shopfr\/produit\/rev-2160\/"},"modified":"2023-04-11T19:19:06","modified_gmt":"2023-04-11T17:19:06","slug":"rev-2160","status":"publish","type":"product","link":"https:\/\/catrionamclean.com\/shopfr\/produit\/rev-2160\/","title":{"rendered":"Revex Affuteur Carbure"},"content":{"rendered":"<p>Fabriqu\u00e9 en France par REVEX<br \/>Poids: 0.05 kg<\/p>\n<p>REVEX  Outils de coupe fabriqu\u00e9s en France<br \/>\nRevex a  200 ann\u00e9es d\u2019exp\u00e9riences et investit au quotidien l\u2019innovation dans la recherche et le d\u00e9veloppement afin d\u2019offrir des s\u00e9cateurs de qualit\u00e9s ou l\u2019innovation technologique apporte un r\u00e9el avantage au quotidien : gain de temps, confort et s\u00e9curit\u00e9.<br \/>\nLes gammes de s\u00e9cateurs Revex sont fabriqu\u00e9es par un petit fabricant de la r\u00e9gion d&rsquo;Auvergne qui fabrique des outils de coupe et des s\u00e9cateurs depuis 1927.<br \/>\nmais parfaitement adaptable pour toutes les tailles dans les jardins &#8211; par examples les  roses, les vivaces ,les arbustes et les arbres.<\/p>\n","protected":false},"excerpt":{"rendered":"<p>Permet d&rsquo;affuter tous les outils tranchants et d&rsquo;\u00e9bavurer des pi\u00e8ces de diff\u00e9rentes origines<br \/><em>Affuteur &#8211; Double<\/em><\/p>\n","protected":false},"featured_media":356,"comment_status":"closed","ping_status":"closed","template":"","meta":{"_links_to":"","_links_to_target":""},"product_brand":[],"product_cat":[48],"product_tag":[51,45],"class_list":{"0":"post-355","1":"product","2":"type-product","3":"status-publish","4":"has-post-thumbnail","6":"product_cat-secateurs-revex","7":"product_tag-affuteur","8":"product_tag-secateur","9":"product_shipping_class-col250","11":"first","12":"outofstock","13":"purchasable","14":"product-type-simple"},"jetpack_sharing_enabled":true,"_links":{"self":[{"href":"https:\/\/catrionamclean.com\/shopfr\/wp-json\/wp\/v2\/product\/355","targetHints":{"allow":["GET"]}}],"collection":[{"href":"https:\/\/catrionamclean.com\/shopfr\/wp-json\/wp\/v2\/product"}],"about":[{"href":"https:\/\/catrionamclean.com\/shopfr\/wp-json\/wp\/v2\/types\/product"}],"replies":[{"embeddable":true,"href":"https:\/\/catrionamclean.com\/shopfr\/wp-json\/wp\/v2\/comments?post=355"}],"wp:featuredmedia":[{"embeddable":true,"href":"https:\/\/catrionamclean.com\/shopfr\/wp-json\/wp\/v2\/media\/356"}],"wp:attachment":[{"href":"https:\/\/catrionamclean.com\/shopfr\/wp-json\/wp\/v2\/media?parent=355"}],"wp:term":[{"taxonomy":"product_brand","embeddable":true,"href":"https:\/\/catrionamclean.com\/shopfr\/wp-json\/wp\/v2\/product_brand?post=355"},{"taxonomy":"product_cat","embeddable":true,"href":"https:\/\/catrionamclean.com\/shopfr\/wp-json\/wp\/v2\/product_cat?post=355"},{"taxonomy":"product_tag","embeddable":true,"href":"https:\/\/catrionamclean.com\/shopfr\/wp-json\/wp\/v2\/product_tag?post=355"}],"curies":[{"name":"wp","href":"https:\/\/api.w.org\/{rel}","templated":true}]}}