{"id":357,"date":"2017-09-18T15:28:21","date_gmt":"2017-09-18T13:28:21","guid":{"rendered":"http:\/\/catrionamclean.com\/shopfr\/produit\/snb-4007\/"},"modified":"2026-04-29T12:05:21","modified_gmt":"2026-04-29T10:05:21","slug":"snb-4007","status":"publish","type":"product","link":"https:\/\/catrionamclean.com\/shopfr\/produit\/snb-4007\/","title":{"rendered":"Sneeboer Pelle \u00e0 planter en acier inox"},"content":{"rendered":"<p>La pelle \u00e0 planter avec une lame de 15 cm et une manche en bois de fr\u00eane est la pelle parfait pour la plantation et presque la totalit\u00e9 des t\u00e2ches de jardinage. Un outil essentiel de la main.<br \/>\nSneeboer est internationalement renomm\u00e9e par sa haute qualit\u00e9, en acier inoxydable, outils de jardin forg\u00e9s \u00e0 la main dont jouissent les discerner jardiniers.<\/p>\n<p>Fonction de l&rsquo;outil: creuser, planter, rempotage, le repiquage<br \/>\nen acier inoxydable<br \/>\nforg\u00e9 \u00e0 main<br \/>\nFabriqu\u00e9 en Hollande par SNEEBOER<br \/>\nPoids: 0.24 kg<\/p>\n<p>Sneeboer Artisans depuis 1913<br \/>\nSneeboer est internationalement renomm\u00e9 pour ses outils de jardin forg\u00e9s \u00e0 la main de haute qualit\u00e9, en acier inoxydable. La soci\u00e9t\u00e9 est hollandaise et bas\u00e9e dans le nord-ouest des Pays-Bas et a \u00e9t\u00e9 fond\u00e9e en 1913.<br \/>\nTous les outils sont forg\u00e9s \u00e0 la main en utilisant de l&rsquo;acier inoxydable de haute qualit\u00e9 et les poign\u00e9es sont fabriqu\u00e9es \u00e0 la main en bois de fr\u00eane ou en bois de cerisier par des artisans qualifi\u00e9s utilisant des techniques pratiqu\u00e9es et d\u00e9velopp\u00e9es depuis plus d&rsquo;un si\u00e8cle.<br \/>\nLes jardiniers s\u00e9rieux ach\u00e8tent des outils Sneeboer pour leur long\u00e9vit\u00e9, leur capacit\u00e9 \u00e0 faire habilement le travail pour lequel ils sont con\u00e7us, et parce que chaque outil est un plaisir prendre en main et \u00e0 utiliser.<\/p>\n","protected":false},"excerpt":{"rendered":"<p>La pelle \u00e0 planter avec une lame de 15 cm et manche en bois de fr\u00eane. Essentiel pour faire tous<br \/>\n<em>Transplanting Trowel<\/em><\/p>\n","protected":false},"featured_media":358,"comment_status":"closed","ping_status":"closed","template":"","meta":{"_links_to":"","_links_to_target":""},"product_brand":[],"product_cat":[53],"product_tag":[150,17],"class_list":{"0":"post-357","1":"product","2":"type-product","3":"status-publish","4":"has-post-thumbnail","6":"product_cat-outils-a-main-sneeboer","7":"product_tag-sneeboer","8":"product_tag-transplantoir","9":"product_shipping_class-col500","11":"first","12":"instock","13":"purchasable","14":"product-type-simple"},"jetpack_sharing_enabled":true,"_links":{"self":[{"href":"https:\/\/catrionamclean.com\/shopfr\/wp-json\/wp\/v2\/product\/357","targetHints":{"allow":["GET"]}}],"collection":[{"href":"https:\/\/catrionamclean.com\/shopfr\/wp-json\/wp\/v2\/product"}],"about":[{"href":"https:\/\/catrionamclean.com\/shopfr\/wp-json\/wp\/v2\/types\/product"}],"replies":[{"embeddable":true,"href":"https:\/\/catrionamclean.com\/shopfr\/wp-json\/wp\/v2\/comments?post=357"}],"wp:featuredmedia":[{"embeddable":true,"href":"https:\/\/catrionamclean.com\/shopfr\/wp-json\/wp\/v2\/media\/358"}],"wp:attachment":[{"href":"https:\/\/catrionamclean.com\/shopfr\/wp-json\/wp\/v2\/media?parent=357"}],"wp:term":[{"taxonomy":"product_brand","embeddable":true,"href":"https:\/\/catrionamclean.com\/shopfr\/wp-json\/wp\/v2\/product_brand?post=357"},{"taxonomy":"product_cat","embeddable":true,"href":"https:\/\/catrionamclean.com\/shopfr\/wp-json\/wp\/v2\/product_cat?post=357"},{"taxonomy":"product_tag","embeddable":true,"href":"https:\/\/catrionamclean.com\/shopfr\/wp-json\/wp\/v2\/product_tag?post=357"}],"curies":[{"name":"wp","href":"https:\/\/api.w.org\/{rel}","templated":true}]}}