{"id":388,"date":"2017-09-18T15:28:27","date_gmt":"2017-09-18T13:28:27","guid":{"rendered":"http:\/\/catrionamclean.com\/shopfr\/produit\/snb-5020\/"},"modified":"2025-05-27T18:22:10","modified_gmt":"2025-05-27T16:22:10","slug":"snb-5020","status":"publish","type":"product","link":"https:\/\/catrionamclean.com\/shopfr\/produit\/snb-5020\/","title":{"rendered":"Sneeboer Fourchette \u00e0 main 3 dent"},"content":{"rendered":"<p>Cette fourchette robuste \u00e0 main avec une poign\u00e9e de fr\u00eane est id\u00e9al pour d\u00e9sherber les mauvaises herbes et les desserrage, avec leurs racines, du sol.<br \/>\nCostaud pour le sol argileux et dificile.<\/p>\n<p>Fonction de l&rsquo;outil: creuser, planter, d\u00e9sherber,a\u00e8rier le sol<br \/>\nacier inoxydable<br \/>\nmain en bois de fr\u00eane<br \/>\nforg\u00e9 \u00e0 main<br \/>Fabriqu\u00e9 en Hollande par SNEEBOER<br \/>Poids: 0.22 kg<\/p>\n<p>Sneeboer Artisans depuis 1913<br \/>\nSneeboer est internationalement renomm\u00e9 pour  ses outils de jardin forg\u00e9s \u00e0 la main de haute qualit\u00e9, en acier inoxydable. La soci\u00e9t\u00e9 est hollandaise  et bas\u00e9e dans le nord-ouest des Pays-Bas et a \u00e9t\u00e9 fond\u00e9e en 1913.<br \/>\nTous les outils sont forg\u00e9s \u00e0 la main en utilisant de l&rsquo;acier inoxydable de haute qualit\u00e9 et les poign\u00e9es sont fabriqu\u00e9es \u00e0 la main en bois de  fr\u00eane ou en bois de  cerisier par des artisans qualifi\u00e9s utilisant des techniques pratiqu\u00e9es et d\u00e9velopp\u00e9es depuis plus d&rsquo;un si\u00e8cle.<br \/>\nLes jardiniers s\u00e9rieux ach\u00e8tent des outils Sneeboer pour leur long\u00e9vit\u00e9, leur capacit\u00e9 \u00e0 faire habilement le travail pour lequel ils sont con\u00e7us, et parce que chaque outil  est un plaisir prendre en main et \u00e0 utiliser.<\/p>\n","protected":false},"excerpt":{"rendered":"<p>Fourchette \u00e0 main tr\u00e8s robuste pour desherbage et creuser le terre<br \/><em>Weeding Fork &#8211; 3 tine<\/em><\/p>\n","protected":false},"featured_media":389,"comment_status":"closed","ping_status":"closed","template":"","meta":{"_links_to":"","_links_to_target":""},"product_brand":[],"product_cat":[53],"product_tag":[27,150],"class_list":{"0":"post-388","1":"product","2":"type-product","3":"status-publish","4":"has-post-thumbnail","6":"product_cat-outils-a-main-sneeboer","7":"product_tag-desherbeur","8":"product_tag-sneeboer","9":"product_shipping_class-col500","11":"first","12":"outofstock","13":"sale","14":"purchasable","15":"product-type-simple"},"jetpack_sharing_enabled":true,"_links":{"self":[{"href":"https:\/\/catrionamclean.com\/shopfr\/wp-json\/wp\/v2\/product\/388","targetHints":{"allow":["GET"]}}],"collection":[{"href":"https:\/\/catrionamclean.com\/shopfr\/wp-json\/wp\/v2\/product"}],"about":[{"href":"https:\/\/catrionamclean.com\/shopfr\/wp-json\/wp\/v2\/types\/product"}],"replies":[{"embeddable":true,"href":"https:\/\/catrionamclean.com\/shopfr\/wp-json\/wp\/v2\/comments?post=388"}],"wp:featuredmedia":[{"embeddable":true,"href":"https:\/\/catrionamclean.com\/shopfr\/wp-json\/wp\/v2\/media\/389"}],"wp:attachment":[{"href":"https:\/\/catrionamclean.com\/shopfr\/wp-json\/wp\/v2\/media?parent=388"}],"wp:term":[{"taxonomy":"product_brand","embeddable":true,"href":"https:\/\/catrionamclean.com\/shopfr\/wp-json\/wp\/v2\/product_brand?post=388"},{"taxonomy":"product_cat","embeddable":true,"href":"https:\/\/catrionamclean.com\/shopfr\/wp-json\/wp\/v2\/product_cat?post=388"},{"taxonomy":"product_tag","embeddable":true,"href":"https:\/\/catrionamclean.com\/shopfr\/wp-json\/wp\/v2\/product_tag?post=388"}],"curies":[{"name":"wp","href":"https:\/\/api.w.org\/{rel}","templated":true}]}}