{"id":393,"date":"2017-09-18T15:28:28","date_gmt":"2017-09-18T13:28:28","guid":{"rendered":"http:\/\/catrionamclean.com\/shopfr\/produit\/snb-8016\/"},"modified":"2023-02-02T17:26:25","modified_gmt":"2023-02-02T16:26:25","slug":"snb-8016","status":"publish","type":"product","link":"https:\/\/catrionamclean.com\/shopfr\/produit\/snb-8016\/","title":{"rendered":"Sneeboer Cuill\u00e8re \u00e0 d\u00e9sherber"},"content":{"rendered":"<p>Besoin d&rsquo;un outil \u00e0 main qui est facile \u00e0 manier, mais assez costaud \u00e0 d\u00e9cimer les racines difficiles ou m\u00eame les mauvaises herbes aux racines courtes de votre pelouse? Juste utiliser l&rsquo;outil \u00e0 la main autour de la base de la croissance de la mauvaise herbe en question (marguerite ou le pissenlit notamment) et regardez  l&rsquo;effet de levieren sortent intacts, pr\u00e9venant toute nouvelle infestation ou re-croissance ennuyeux.<\/p>\n<p>Travaux de d\u00e9sherbage particuli\u00e8rement difficiles des  mauvaises herbes notamment les pissenlit et marguerites.<br \/>\nBasculez pour d\u00e9raciner.<br \/>\nPoign\u00e9e de bois de Fr\u00eane<br \/>\nForg\u00e9 \u00e0 la main<br \/>Fabriqu\u00e9 en Hollande par SNEEBOER<br \/>Poids: 0.2 kg<\/p>\n<p>Sneeboer Artisans depuis 1913<br \/>\nSneeboer est internationalement renomm\u00e9 pour  ses outils de jardin forg\u00e9s \u00e0 la main de haute qualit\u00e9, en acier inoxydable. La soci\u00e9t\u00e9 est hollandaise  et bas\u00e9e dans le nord-ouest des Pays-Bas et a \u00e9t\u00e9 fond\u00e9e en 1913.<br \/>\nTous les outils sont forg\u00e9s \u00e0 la main en utilisant de l&rsquo;acier inoxydable de haute qualit\u00e9 et les poign\u00e9es sont fabriqu\u00e9es \u00e0 la main en bois de  fr\u00eane ou en bois de  cerisier par des artisans qualifi\u00e9s utilisant des techniques pratiqu\u00e9es et d\u00e9velopp\u00e9es depuis plus d&rsquo;un si\u00e8cle.<br \/>\nLes jardiniers s\u00e9rieux ach\u00e8tent des outils Sneeboer pour leur long\u00e9vit\u00e9, leur capacit\u00e9 \u00e0 faire habilement le travail pour lequel ils sont con\u00e7us, et parce que chaque outil  est un plaisir prendre en main et \u00e0 utiliser.<\/p>\n","protected":false},"excerpt":{"rendered":"<p>Outil \u00e0 d\u00e9sherber les pissenlits. Pour enlever les mauvaises herbes par action pivotale.<br \/>\n<br \/><em>Dandelion Trowel<\/em><\/p>\n","protected":false},"featured_media":394,"comment_status":"closed","ping_status":"closed","template":"","meta":{"_links_to":"","_links_to_target":""},"product_brand":[],"product_cat":[53],"product_tag":[27,150],"class_list":{"0":"post-393","1":"product","2":"type-product","3":"status-publish","4":"has-post-thumbnail","6":"product_cat-outils-a-main-sneeboer","7":"product_tag-desherbeur","8":"product_tag-sneeboer","9":"product_shipping_class-col500","11":"first","12":"instock","13":"sale","14":"purchasable","15":"product-type-simple"},"jetpack_sharing_enabled":true,"_links":{"self":[{"href":"https:\/\/catrionamclean.com\/shopfr\/wp-json\/wp\/v2\/product\/393","targetHints":{"allow":["GET"]}}],"collection":[{"href":"https:\/\/catrionamclean.com\/shopfr\/wp-json\/wp\/v2\/product"}],"about":[{"href":"https:\/\/catrionamclean.com\/shopfr\/wp-json\/wp\/v2\/types\/product"}],"replies":[{"embeddable":true,"href":"https:\/\/catrionamclean.com\/shopfr\/wp-json\/wp\/v2\/comments?post=393"}],"wp:featuredmedia":[{"embeddable":true,"href":"https:\/\/catrionamclean.com\/shopfr\/wp-json\/wp\/v2\/media\/394"}],"wp:attachment":[{"href":"https:\/\/catrionamclean.com\/shopfr\/wp-json\/wp\/v2\/media?parent=393"}],"wp:term":[{"taxonomy":"product_brand","embeddable":true,"href":"https:\/\/catrionamclean.com\/shopfr\/wp-json\/wp\/v2\/product_brand?post=393"},{"taxonomy":"product_cat","embeddable":true,"href":"https:\/\/catrionamclean.com\/shopfr\/wp-json\/wp\/v2\/product_cat?post=393"},{"taxonomy":"product_tag","embeddable":true,"href":"https:\/\/catrionamclean.com\/shopfr\/wp-json\/wp\/v2\/product_tag?post=393"}],"curies":[{"name":"wp","href":"https:\/\/api.w.org\/{rel}","templated":true}]}}