{"id":406,"date":"2017-09-18T15:28:33","date_gmt":"2017-09-18T13:28:33","guid":{"rendered":"http:\/\/catrionamclean.com\/shopfr\/produit\/snb-8210\/"},"modified":"2024-04-26T17:33:40","modified_gmt":"2024-04-26T15:33:40","slug":"snb-8210","status":"publish","type":"product","link":"https:\/\/catrionamclean.com\/shopfr\/produit\/snb-8210\/","title":{"rendered":"Sneeboer D\u00e9sherbeur \u00e9troit Pissenlit"},"content":{"rendered":"<p>La lame de 21 cm de long et la largeur de 3,5 cm de cet outil permettent de retirer facilement les mauvaises herbes \u00e0 longue racine comme les pissenlits des pelouses sans d\u00e9ranger les alentours. Poign\u00e9e en bois de fr\u00eane.<\/p>\n<p>Travaux d\u00e9sherbage avec precision<br \/>\nLame \u00e9troit de 21cm et fine largeur de 3.5cms pour retirer facilement les pissenlits<br \/>\nPoign\u00e9e en bois de fr\u00eane<br \/>\nFabrication \u00e0 main en Hollande<br \/>Fabriqu\u00e9 en Hollande par SNEEBOER<br \/>Poids: 0.24 kg<\/p>\n<p>Sneeboer Artisans depuis 1913<br \/>\nSneeboer est internationalement renomm\u00e9 pour  ses outils de jardin forg\u00e9s \u00e0 la main de haute qualit\u00e9, en acier inoxydable. La soci\u00e9t\u00e9 est hollandaise  et bas\u00e9e dans le nord-ouest des Pays-Bas et a \u00e9t\u00e9 fond\u00e9e en 1913.<br \/>\nTous les outils sont forg\u00e9s \u00e0 la main en utilisant de l&rsquo;acier inoxydable de haute qualit\u00e9 et les poign\u00e9es sont fabriqu\u00e9es \u00e0 la main en bois de  fr\u00eane ou en bois de  cerisier par des artisans qualifi\u00e9s utilisant des techniques pratiqu\u00e9es et d\u00e9velopp\u00e9es depuis plus d&rsquo;un si\u00e8cle.<br \/>\nLes jardiniers s\u00e9rieux ach\u00e8tent des outils Sneeboer pour leur long\u00e9vit\u00e9, leur capacit\u00e9 \u00e0 faire habilement le travail pour lequel ils sont con\u00e7us, et parce que chaque outil  est un plaisir prendre en main et \u00e0 utiliser.<\/p>\n","protected":false},"excerpt":{"rendered":"<p>D\u00e9sherbeur \u00e9troit Pissenlit pour retirer facilement les mauvaises herbes. <br \/><em>Dandelion Trowel<\/em><\/p>\n","protected":false},"featured_media":407,"comment_status":"closed","ping_status":"closed","template":"","meta":{"_links_to":"","_links_to_target":""},"product_brand":[],"product_cat":[53],"product_tag":[27,150],"class_list":{"0":"post-406","1":"product","2":"type-product","3":"status-publish","4":"has-post-thumbnail","6":"product_cat-outils-a-main-sneeboer","7":"product_tag-desherbeur","8":"product_tag-sneeboer","9":"product_shipping_class-col5k","11":"first","12":"outofstock","13":"sale","14":"purchasable","15":"product-type-simple"},"jetpack_sharing_enabled":true,"_links":{"self":[{"href":"https:\/\/catrionamclean.com\/shopfr\/wp-json\/wp\/v2\/product\/406","targetHints":{"allow":["GET"]}}],"collection":[{"href":"https:\/\/catrionamclean.com\/shopfr\/wp-json\/wp\/v2\/product"}],"about":[{"href":"https:\/\/catrionamclean.com\/shopfr\/wp-json\/wp\/v2\/types\/product"}],"replies":[{"embeddable":true,"href":"https:\/\/catrionamclean.com\/shopfr\/wp-json\/wp\/v2\/comments?post=406"}],"wp:featuredmedia":[{"embeddable":true,"href":"https:\/\/catrionamclean.com\/shopfr\/wp-json\/wp\/v2\/media\/407"}],"wp:attachment":[{"href":"https:\/\/catrionamclean.com\/shopfr\/wp-json\/wp\/v2\/media?parent=406"}],"wp:term":[{"taxonomy":"product_brand","embeddable":true,"href":"https:\/\/catrionamclean.com\/shopfr\/wp-json\/wp\/v2\/product_brand?post=406"},{"taxonomy":"product_cat","embeddable":true,"href":"https:\/\/catrionamclean.com\/shopfr\/wp-json\/wp\/v2\/product_cat?post=406"},{"taxonomy":"product_tag","embeddable":true,"href":"https:\/\/catrionamclean.com\/shopfr\/wp-json\/wp\/v2\/product_tag?post=406"}],"curies":[{"name":"wp","href":"https:\/\/api.w.org\/{rel}","templated":true}]}}