{"id":412,"date":"2017-09-18T15:28:33","date_gmt":"2017-09-18T13:28:33","guid":{"rendered":"http:\/\/catrionamclean.com\/shopfr\/produit\/snb-8608\/"},"modified":"2025-05-10T12:58:02","modified_gmt":"2025-05-10T10:58:02","slug":"snb-8608","status":"publish","type":"product","link":"https:\/\/catrionamclean.com\/shopfr\/produit\/snb-8608\/","title":{"rendered":"Sneeboer Fourchette \u00e0 main &#8211; 2 dents"},"content":{"rendered":"<p>Le d\u00e9sherbeur \u00e0 deux dents desserre la terre autour des racines, permettant aux mauvaises herbes d&rsquo;\u00eatre enlev\u00e9 avec facilit\u00e9. Avec poign\u00e9e en bois de fr\u00eane. \u00ab\u00a0Un \u00e9quipement tr\u00e8s robuste qui aidera \u00e0 l&rsquo;\u00e9limination de toutes les mauvaises herbes, sauf les plus profondes, enracin\u00e9es dans la terre.<\/p>\n<p>2 dents tr\u00e8s pointues<br \/>\nInox avec poign\u00e9e en bois de fr\u00eane<br \/>\nFacile \u00e0 desherber autour des plantes.<br \/>\nFacile a\u00e9rer la terre autour des vivaces et plantes en pots<br \/>\nInox et poign\u00e9e en bois de fr\u00eane<br \/>\n<br \/>Fabriqu\u00e9 en Hollande par SNEEBOER<br \/>Poids: 0.2 kg<\/p>\n<p>Sneeboer Artisans depuis 1913<br \/>\nSneeboer est internationalement renomm\u00e9 pour  ses outils de jardin forg\u00e9s \u00e0 la main de haute qualit\u00e9, en acier inoxydable. La soci\u00e9t\u00e9 est hollandaise  et bas\u00e9e dans le nord-ouest des Pays-Bas et a \u00e9t\u00e9 fond\u00e9e en 1913.<br \/>\nTous les outils sont forg\u00e9s \u00e0 la main en utilisant de l&rsquo;acier inoxydable de haute qualit\u00e9 et les poign\u00e9es sont fabriqu\u00e9es \u00e0 la main en bois de  fr\u00eane ou en bois de  cerisier par des artisans qualifi\u00e9s utilisant des techniques pratiqu\u00e9es et d\u00e9velopp\u00e9es depuis plus d&rsquo;un si\u00e8cle.<br \/>\nLes jardiniers s\u00e9rieux ach\u00e8tent des outils Sneeboer pour leur long\u00e9vit\u00e9, leur capacit\u00e9 \u00e0 faire habilement le travail pour lequel ils sont con\u00e7us, et parce que chaque outil  est un plaisir prendre en main et \u00e0 utiliser.<\/p>\n","protected":false},"excerpt":{"rendered":"<p>Fourchette 2 dents, poign\u00e9e en fr\u00eane pour d\u00e9sherbage ou a\u00e9rer la terre autour des vivaces.Inox <br \/><em>Small Weeding Fork 2-tine<\/em><\/p>\n","protected":false},"featured_media":413,"comment_status":"closed","ping_status":"closed","template":"","meta":{"_links_to":"","_links_to_target":""},"product_brand":[],"product_cat":[53],"product_tag":[27,150],"class_list":{"0":"post-412","1":"product","2":"type-product","3":"status-publish","4":"has-post-thumbnail","6":"product_cat-outils-a-main-sneeboer","7":"product_tag-desherbeur","8":"product_tag-sneeboer","9":"product_shipping_class-col500","11":"first","12":"outofstock","13":"sale","14":"purchasable","15":"product-type-simple"},"jetpack_sharing_enabled":true,"_links":{"self":[{"href":"https:\/\/catrionamclean.com\/shopfr\/wp-json\/wp\/v2\/product\/412","targetHints":{"allow":["GET"]}}],"collection":[{"href":"https:\/\/catrionamclean.com\/shopfr\/wp-json\/wp\/v2\/product"}],"about":[{"href":"https:\/\/catrionamclean.com\/shopfr\/wp-json\/wp\/v2\/types\/product"}],"replies":[{"embeddable":true,"href":"https:\/\/catrionamclean.com\/shopfr\/wp-json\/wp\/v2\/comments?post=412"}],"wp:featuredmedia":[{"embeddable":true,"href":"https:\/\/catrionamclean.com\/shopfr\/wp-json\/wp\/v2\/media\/413"}],"wp:attachment":[{"href":"https:\/\/catrionamclean.com\/shopfr\/wp-json\/wp\/v2\/media?parent=412"}],"wp:term":[{"taxonomy":"product_brand","embeddable":true,"href":"https:\/\/catrionamclean.com\/shopfr\/wp-json\/wp\/v2\/product_brand?post=412"},{"taxonomy":"product_cat","embeddable":true,"href":"https:\/\/catrionamclean.com\/shopfr\/wp-json\/wp\/v2\/product_cat?post=412"},{"taxonomy":"product_tag","embeddable":true,"href":"https:\/\/catrionamclean.com\/shopfr\/wp-json\/wp\/v2\/product_tag?post=412"}],"curies":[{"name":"wp","href":"https:\/\/api.w.org\/{rel}","templated":true}]}}