{"id":419,"date":"2017-09-18T15:28:35","date_gmt":"2017-09-18T13:28:35","guid":{"rendered":"http:\/\/catrionamclean.com\/shopfr\/produit\/snb-5030\/"},"modified":"2024-03-18T16:08:07","modified_gmt":"2024-03-18T15:08:07","slug":"snb-5030","status":"publish","type":"product","link":"https:\/\/catrionamclean.com\/shopfr\/produit\/snb-5030\/","title":{"rendered":"Sneeboer Cultivateur \u00e0 main 3 dents"},"content":{"rendered":"<p>Le cultivateur \u00e0 main, une redoutable, trois-tined outil \u00e0 main qui est parfaitement con\u00e7u pour le desserrage des bordures et sol de potager avant la plantation et il s&rsquo;adapte \u00e9galement \u00e0 \u00e9liminer les mauvaises herbes et autres plantes ind\u00e9sirables et les d\u00e9bris.<br \/>\nStatistiques de l&rsquo;\u00c9tat : les trois dents en acier inoxydable sont aff\u00fbt\u00e9s pour un point, chaque mesure 8 cm de longueur. Manche en bois de fr\u00eane.<\/p>\n<p>les trois dents en acier inoxydable sont aff\u00fbt\u00e9s pour un point<br \/>\nDesserrage des bordures, eliminer les mauvaises herbes.<br \/>\nforg\u00e9 \u00e0 main<br \/>Fabriqu\u00e9 en Hollande par SNEEBOER<br \/>Poids: 0.2 kg<\/p>\n<p>Sneeboer Artisans depuis 1913<br \/>\nSneeboer est internationalement renomm\u00e9 pour  ses outils de jardin forg\u00e9s \u00e0 la main de haute qualit\u00e9, en acier inoxydable. La soci\u00e9t\u00e9 est hollandaise  et bas\u00e9e dans le nord-ouest des Pays-Bas et a \u00e9t\u00e9 fond\u00e9e en 1913.<br \/>\nTous les outils sont forg\u00e9s \u00e0 la main en utilisant de l&rsquo;acier inoxydable de haute qualit\u00e9 et les poign\u00e9es sont fabriqu\u00e9es \u00e0 la main en bois de  fr\u00eane ou en bois de  cerisier par des artisans qualifi\u00e9s utilisant des techniques pratiqu\u00e9es et d\u00e9velopp\u00e9es depuis plus d&rsquo;un si\u00e8cle.<br \/>\nLes jardiniers s\u00e9rieux ach\u00e8tent des outils Sneeboer pour leur long\u00e9vit\u00e9, leur capacit\u00e9 \u00e0 faire habilement le travail pour lequel ils sont con\u00e7us, et parce que chaque outil  est un plaisir prendre en main et \u00e0 utiliser.<\/p>\n","protected":false},"excerpt":{"rendered":"<p>Cultivateur \u00e0 main avec 3 dents redoutables. Acier inoxydable et manche en fr\u00eane. <br \/><em>Hand Cultivator 3-tine<\/em><\/p>\n","protected":false},"featured_media":420,"comment_status":"closed","ping_status":"closed","template":"","meta":{"_links_to":"","_links_to_target":""},"product_brand":[],"product_cat":[53],"product_tag":[23,150],"class_list":{"0":"post-419","1":"product","2":"type-product","3":"status-publish","4":"has-post-thumbnail","6":"product_cat-outils-a-main-sneeboer","7":"product_tag-griffe","8":"product_tag-sneeboer","9":"product_shipping_class-col5k","11":"first","12":"instock","13":"sale","14":"purchasable","15":"product-type-simple"},"jetpack_sharing_enabled":true,"_links":{"self":[{"href":"https:\/\/catrionamclean.com\/shopfr\/wp-json\/wp\/v2\/product\/419","targetHints":{"allow":["GET"]}}],"collection":[{"href":"https:\/\/catrionamclean.com\/shopfr\/wp-json\/wp\/v2\/product"}],"about":[{"href":"https:\/\/catrionamclean.com\/shopfr\/wp-json\/wp\/v2\/types\/product"}],"replies":[{"embeddable":true,"href":"https:\/\/catrionamclean.com\/shopfr\/wp-json\/wp\/v2\/comments?post=419"}],"wp:featuredmedia":[{"embeddable":true,"href":"https:\/\/catrionamclean.com\/shopfr\/wp-json\/wp\/v2\/media\/420"}],"wp:attachment":[{"href":"https:\/\/catrionamclean.com\/shopfr\/wp-json\/wp\/v2\/media?parent=419"}],"wp:term":[{"taxonomy":"product_brand","embeddable":true,"href":"https:\/\/catrionamclean.com\/shopfr\/wp-json\/wp\/v2\/product_brand?post=419"},{"taxonomy":"product_cat","embeddable":true,"href":"https:\/\/catrionamclean.com\/shopfr\/wp-json\/wp\/v2\/product_cat?post=419"},{"taxonomy":"product_tag","embeddable":true,"href":"https:\/\/catrionamclean.com\/shopfr\/wp-json\/wp\/v2\/product_tag?post=419"}],"curies":[{"name":"wp","href":"https:\/\/api.w.org\/{rel}","templated":true}]}}