{"id":457,"date":"2017-09-18T15:28:45","date_gmt":"2017-09-18T13:28:45","guid":{"rendered":"http:\/\/catrionamclean.com\/shopfr\/produit\/snb-4011\/"},"modified":"2023-08-14T13:00:32","modified_gmt":"2023-08-14T11:00:32","slug":"snb-4011","status":"publish","type":"product","link":"https:\/\/catrionamclean.com\/shopfr\/produit\/snb-4011\/","title":{"rendered":"Sneeboer Pelle b\u00eache transplantoir"},"content":{"rendered":"<p>Cette b\u00eache \u00e0 manche court pour transplantation est une pelle agressif tr\u00e8s inhabituel. La lame forme en V est robuste en terre difficile.<br \/>\nSneeboer est internationalement renomm\u00e9e par sa haute qualit\u00e9, en acier inoxydable, outils de jardin forg\u00e9s \u00e0 la main dont jouissent les discerner jardiniers. La soci\u00e9t\u00e9 est hollandais et bas\u00e9 dans le nord-ouest des Pays-Bas et a \u00e9t\u00e9 fond\u00e9e en 1913. Tous les outils sont forg\u00e9s \u00e0 la main en utilisant de l&rsquo;acier inoxydable de haute qualit\u00e9.<\/p>\n<p>Fonction de l&rsquo;outil: creuser, planter, la coupe de la racine, Partage<br \/>\nacier inoxydable<br \/>\nmanche en fr\u00eane<br \/>Fabriqu\u00e9 en Hollande par SNEEBOER<br \/>Poids: 0.47 kg<\/p>\n<p>Sneeboer Artisans depuis 1913<br \/>\nSneeboer est internationalement renomm\u00e9 pour  ses outils de jardin forg\u00e9s \u00e0 la main de haute qualit\u00e9, en acier inoxydable. La soci\u00e9t\u00e9 est hollandaise  et bas\u00e9e dans le nord-ouest des Pays-Bas et a \u00e9t\u00e9 fond\u00e9e en 1913.<br \/>\nTous les outils sont forg\u00e9s \u00e0 la main en utilisant de l&rsquo;acier inoxydable de haute qualit\u00e9 et les poign\u00e9es sont fabriqu\u00e9es \u00e0 la main en bois de  fr\u00eane ou en bois de  cerisier par des artisans qualifi\u00e9s utilisant des techniques pratiqu\u00e9es et d\u00e9velopp\u00e9es depuis plus d&rsquo;un si\u00e8cle.<br \/>\nLes jardiniers s\u00e9rieux ach\u00e8tent des outils Sneeboer pour leur long\u00e9vit\u00e9, leur capacit\u00e9 \u00e0 faire habilement le travail pour lequel ils sont con\u00e7us, et parce que chaque outil  est un plaisir prendre en main et \u00e0 utiliser.<\/p>\n","protected":false},"excerpt":{"rendered":"<p>Pelle b\u00eache \u00e0 main pour transplantation est une pelle agressif tr\u00e8s inhabituel.<br \/><em>Transplanting Spade<\/em><\/p>\n","protected":false},"featured_media":458,"comment_status":"closed","ping_status":"closed","template":"","meta":{"_links_to":"","_links_to_target":""},"product_brand":[],"product_cat":[56],"product_tag":[40,150],"class_list":{"0":"post-457","1":"product","2":"type-product","3":"status-publish","4":"has-post-thumbnail","6":"product_cat-outils-a-manche-sneeboer","7":"product_tag-beche","8":"product_tag-sneeboer","9":"product_shipping_class-col750","11":"first","12":"instock","13":"sale","14":"purchasable","15":"product-type-simple"},"jetpack_sharing_enabled":true,"_links":{"self":[{"href":"https:\/\/catrionamclean.com\/shopfr\/wp-json\/wp\/v2\/product\/457","targetHints":{"allow":["GET"]}}],"collection":[{"href":"https:\/\/catrionamclean.com\/shopfr\/wp-json\/wp\/v2\/product"}],"about":[{"href":"https:\/\/catrionamclean.com\/shopfr\/wp-json\/wp\/v2\/types\/product"}],"replies":[{"embeddable":true,"href":"https:\/\/catrionamclean.com\/shopfr\/wp-json\/wp\/v2\/comments?post=457"}],"wp:featuredmedia":[{"embeddable":true,"href":"https:\/\/catrionamclean.com\/shopfr\/wp-json\/wp\/v2\/media\/458"}],"wp:attachment":[{"href":"https:\/\/catrionamclean.com\/shopfr\/wp-json\/wp\/v2\/media?parent=457"}],"wp:term":[{"taxonomy":"product_brand","embeddable":true,"href":"https:\/\/catrionamclean.com\/shopfr\/wp-json\/wp\/v2\/product_brand?post=457"},{"taxonomy":"product_cat","embeddable":true,"href":"https:\/\/catrionamclean.com\/shopfr\/wp-json\/wp\/v2\/product_cat?post=457"},{"taxonomy":"product_tag","embeddable":true,"href":"https:\/\/catrionamclean.com\/shopfr\/wp-json\/wp\/v2\/product_tag?post=457"}],"curies":[{"name":"wp","href":"https:\/\/api.w.org\/{rel}","templated":true}]}}