{"id":459,"date":"2017-09-18T15:28:46","date_gmt":"2017-09-18T13:28:46","guid":{"rendered":"http:\/\/catrionamclean.com\/shopfr\/produit\/snb-4044\/"},"modified":"2023-02-09T16:54:37","modified_gmt":"2023-02-09T15:54:37","slug":"snb-4044","status":"publish","type":"product","link":"https:\/\/catrionamclean.com\/shopfr\/produit\/snb-4044\/","title":{"rendered":"Sneeboer B\u00eache Great Dixter"},"content":{"rendered":"<p>La pelle \u00e0 main de d\u00e9sherbage est id\u00e9al pour la plantation des vivaces ,semis et des plantes comme les pois de senteur lorsque vous avez besoin d&rsquo;un trou de plantation \u00e9troit et profond. \u00c9galement tr\u00e8s utile pour enlever les mauvaises herbes robinet racines (comme des pissenlits) et m\u00eame des zones difficiles dans le jardin pour le d\u00e9sherbage g\u00e9n\u00e9ral.<\/p>\n<p>Fonction de l&rsquo;outil: creuser, planter, d\u00e9sherber<br \/>\nPoign\u00e9e en fr\u00eane<br \/>\nAcier inoxydable<\/p>\n<p>Fabriqu\u00e9 en Hollande par SNEEBOER<br \/>\nPoids: 0.60 kg<\/p>\n<p>Sneeboer Artisans depuis 1913<br \/>\nSneeboer est internationalement renomm\u00e9 pour ses outils de jardin forg\u00e9s \u00e0 la main de haute qualit\u00e9, en acier inoxydable. La soci\u00e9t\u00e9 est hollandaise et bas\u00e9e dans le nord-ouest des Pays-Bas et a \u00e9t\u00e9 fond\u00e9e en 1913.<br \/>\nTous les outils sont forg\u00e9s \u00e0 la main en utilisant de l&rsquo;acier inoxydable de haute qualit\u00e9 et les poign\u00e9es sont fabriqu\u00e9es \u00e0 la main en bois de fr\u00eane ou en bois de cerisier par des artisans qualifi\u00e9s utilisant des techniques pratiqu\u00e9es et d\u00e9velopp\u00e9es depuis plus d&rsquo;un si\u00e8cle.<br \/>\nLes jardiniers s\u00e9rieux ach\u00e8tent des outils Sneeboer pour leur long\u00e9vit\u00e9, leur capacit\u00e9 \u00e0 faire habilement le travail pour lequel ils sont con\u00e7us, et parce que chaque outil est un plaisir prendre en main et \u00e0 utiliser.<\/p>\n","protected":false},"excerpt":{"rendered":"<p>La pelle \u00e0 main de d\u00e9sherbage aussi pour la plantation des vivaces et arbustes dans le massif.<br \/>\n<em>Great Dixter Planting Spade<\/em><\/p>\n","protected":false},"featured_media":460,"comment_status":"closed","ping_status":"closed","template":"","meta":{"_links_to":"","_links_to_target":""},"product_brand":[],"product_cat":[56],"product_tag":[40,150],"class_list":{"0":"post-459","1":"product","2":"type-product","3":"status-publish","4":"has-post-thumbnail","6":"product_cat-outils-a-manche-sneeboer","7":"product_tag-beche","8":"product_tag-sneeboer","9":"product_shipping_class-col750","11":"first","12":"instock","13":"sale","14":"purchasable","15":"product-type-simple"},"jetpack_sharing_enabled":true,"_links":{"self":[{"href":"https:\/\/catrionamclean.com\/shopfr\/wp-json\/wp\/v2\/product\/459","targetHints":{"allow":["GET"]}}],"collection":[{"href":"https:\/\/catrionamclean.com\/shopfr\/wp-json\/wp\/v2\/product"}],"about":[{"href":"https:\/\/catrionamclean.com\/shopfr\/wp-json\/wp\/v2\/types\/product"}],"replies":[{"embeddable":true,"href":"https:\/\/catrionamclean.com\/shopfr\/wp-json\/wp\/v2\/comments?post=459"}],"wp:featuredmedia":[{"embeddable":true,"href":"https:\/\/catrionamclean.com\/shopfr\/wp-json\/wp\/v2\/media\/460"}],"wp:attachment":[{"href":"https:\/\/catrionamclean.com\/shopfr\/wp-json\/wp\/v2\/media?parent=459"}],"wp:term":[{"taxonomy":"product_brand","embeddable":true,"href":"https:\/\/catrionamclean.com\/shopfr\/wp-json\/wp\/v2\/product_brand?post=459"},{"taxonomy":"product_cat","embeddable":true,"href":"https:\/\/catrionamclean.com\/shopfr\/wp-json\/wp\/v2\/product_cat?post=459"},{"taxonomy":"product_tag","embeddable":true,"href":"https:\/\/catrionamclean.com\/shopfr\/wp-json\/wp\/v2\/product_tag?post=459"}],"curies":[{"name":"wp","href":"https:\/\/api.w.org\/{rel}","templated":true}]}}