{"id":461,"date":"2017-09-18T15:28:46","date_gmt":"2017-09-18T13:28:46","guid":{"rendered":"http:\/\/catrionamclean.com\/shopfr\/produit\/snb-5061\/"},"modified":"2023-06-16T17:25:48","modified_gmt":"2023-06-16T15:25:48","slug":"snb-5061","status":"publish","type":"product","link":"https:\/\/catrionamclean.com\/shopfr\/produit\/snb-5061\/","title":{"rendered":"Sneeboer Fourche \u00e0 4 dents Great Dixter"},"content":{"rendered":"<p>Avez-vous besoin d&rsquo;une fourche \u00e0 b\u00eacher les endroits difficile, mais une fourche grande taille est tout simplement trop grande pour travailler dans les espaces plus \u00e9troits comme vos potagers sur\u00e9lev\u00e9es ou des massif plein de fleurs?<br \/>\nAlors, vous trouverez cette fourche avce une manche plus courte est la taille id\u00e9ale lorsque vous travaillez sur vos genoux cultiver la terre, en ajoutant des plantes ou m\u00eame la r\u00e9colte des l\u00e9gumes. Manche en bois de fr\u00eane de 49 cm<\/p>\n<p>Fonction de l&rsquo;outil: Creuser, parterres sur\u00e9lev\u00e9s, transplanter<br \/>\nManche en fr\u00eane<br \/>\nacier inoxydable<br \/>\nforg\u00e9 \u00e0 main<br \/>\nFabriqu\u00e9 en Hollande par SNEEBOER<br \/>\nPoids: 0.62 kg<\/p>\n<p>Sneeboer Artisans depuis 1913<br \/>\nSneeboer est internationalement renomm\u00e9 pour ses outils de jardin forg\u00e9s \u00e0 la main de haute qualit\u00e9, en acier inoxydable. La soci\u00e9t\u00e9 est hollandaise et bas\u00e9e dans le nord-ouest des Pays-Bas et a \u00e9t\u00e9 fond\u00e9e en 1913.<br \/>\nTous les outils sont forg\u00e9s \u00e0 la main en utilisant de l&rsquo;acier inoxydable de haute qualit\u00e9 et les poign\u00e9es sont fabriqu\u00e9es \u00e0 la main en bois de fr\u00eane ou en bois de cerisier par des artisans qualifi\u00e9s utilisant des techniques pratiqu\u00e9es et d\u00e9velopp\u00e9es depuis plus d&rsquo;un si\u00e8cle.<br \/>\nLes jardiniers s\u00e9rieux ach\u00e8tent des outils Sneeboer pour leur long\u00e9vit\u00e9, leur capacit\u00e9 \u00e0 faire habilement le travail pour lequel ils sont con\u00e7us, et parce que chaque outil est un plaisir prendre en main et \u00e0 utiliser.<\/p>\n","protected":false},"excerpt":{"rendered":"<p>Fourche \u00e0 tout faire pour un travail soign\u00e9 du sol. Acier inoxydable et manche en fr\u00eane.<br \/>\n<em>Fork 4 tine Great Dixter<\/em><\/p>\n","protected":false},"featured_media":462,"comment_status":"closed","ping_status":"closed","template":"","meta":{"_links_to":"","_links_to_target":""},"product_brand":[],"product_cat":[56],"product_tag":[22,150],"class_list":{"0":"post-461","1":"product","2":"type-product","3":"status-publish","4":"has-post-thumbnail","6":"product_cat-outils-a-manche-sneeboer","7":"product_tag-fourche","8":"product_tag-sneeboer","9":"product_shipping_class-col750","11":"first","12":"instock","13":"sale","14":"purchasable","15":"product-type-simple"},"jetpack_sharing_enabled":true,"_links":{"self":[{"href":"https:\/\/catrionamclean.com\/shopfr\/wp-json\/wp\/v2\/product\/461","targetHints":{"allow":["GET"]}}],"collection":[{"href":"https:\/\/catrionamclean.com\/shopfr\/wp-json\/wp\/v2\/product"}],"about":[{"href":"https:\/\/catrionamclean.com\/shopfr\/wp-json\/wp\/v2\/types\/product"}],"replies":[{"embeddable":true,"href":"https:\/\/catrionamclean.com\/shopfr\/wp-json\/wp\/v2\/comments?post=461"}],"wp:featuredmedia":[{"embeddable":true,"href":"https:\/\/catrionamclean.com\/shopfr\/wp-json\/wp\/v2\/media\/462"}],"wp:attachment":[{"href":"https:\/\/catrionamclean.com\/shopfr\/wp-json\/wp\/v2\/media?parent=461"}],"wp:term":[{"taxonomy":"product_brand","embeddable":true,"href":"https:\/\/catrionamclean.com\/shopfr\/wp-json\/wp\/v2\/product_brand?post=461"},{"taxonomy":"product_cat","embeddable":true,"href":"https:\/\/catrionamclean.com\/shopfr\/wp-json\/wp\/v2\/product_cat?post=461"},{"taxonomy":"product_tag","embeddable":true,"href":"https:\/\/catrionamclean.com\/shopfr\/wp-json\/wp\/v2\/product_tag?post=461"}],"curies":[{"name":"wp","href":"https:\/\/api.w.org\/{rel}","templated":true}]}}