{"id":493,"date":"2017-09-18T15:29:01","date_gmt":"2017-09-18T13:29:01","guid":{"rendered":"http:\/\/catrionamclean.com\/shopfr\/produit\/snb-4901\/"},"modified":"2023-02-02T17:22:34","modified_gmt":"2023-02-02T16:22:34","slug":"snb-4901","status":"publish","type":"product","link":"https:\/\/catrionamclean.com\/shopfr\/produit\/snb-4901\/","title":{"rendered":"Sneeboer Pelle Pointue acier inox D manche"},"content":{"rendered":"<p>Le pelle pointue est extr\u00eamement efficace \u00e0 plate dans des sols difficiles et \u00e9galement tr\u00e8s utile comme un instrument de pr\u00e9cision dans des bordures.Comme avec tous les outils de taille compl\u00e8te celui-ci est fabriqu\u00e9 avec une longue poign\u00e9e pour aider \u00e0 r\u00e9duire les maux de dos. \u00c9quip\u00e9 d&rsquo;une poign\u00e9e en D 85 cm.<\/p>\n<p>Pelle pointue aiguis\u00e9 et robuste<br \/>\nPoign\u00e9e en bois en fr\u00eane<br \/>\npoign\u00e9e longue<br \/>\nfabrication \u00e0 main<br \/>\nFabriqu\u00e9 en Hollande par SNEEBOER<br \/>\nPoids: 1.5 kg<\/p>\n<p>Sneeboer Artisans depuis 1913<br \/>\nSneeboer est internationalement renomm\u00e9 pour ses outils de jardin forg\u00e9s \u00e0 la main de haute qualit\u00e9, en acier inoxydable. La soci\u00e9t\u00e9 est hollandaise et bas\u00e9e dans le nord-ouest des Pays-Bas et a \u00e9t\u00e9 fond\u00e9e en 1913.<br \/>\nTous les outils sont forg\u00e9s \u00e0 la main en utilisant de l&rsquo;acier inoxydable de haute qualit\u00e9 et les poign\u00e9es sont fabriqu\u00e9es \u00e0 la main en bois de fr\u00eane ou en bois de cerisier par des artisans qualifi\u00e9s utilisant des techniques pratiqu\u00e9es et d\u00e9velopp\u00e9es depuis plus d&rsquo;un si\u00e8cle.<br \/>\nLes jardiniers s\u00e9rieux ach\u00e8tent des outils Sneeboer pour leur long\u00e9vit\u00e9, leur capacit\u00e9 \u00e0 faire habilement le travail pour lequel ils sont con\u00e7us, et parce que chaque outil est un plaisir prendre en main et \u00e0 utiliser.<\/p>\n","protected":false},"excerpt":{"rendered":"<p>Pelle pointue aiguis\u00e9e.Manche longue forme D,en fr\u00eane. Acier inoxydable. Plantation.<br \/>\n<em>Pointed Spade<\/em><\/p>\n","protected":false},"featured_media":494,"comment_status":"closed","ping_status":"closed","template":"","meta":{"_links_to":"","_links_to_target":""},"product_brand":[],"product_cat":[56],"product_tag":[40,150],"class_list":{"0":"post-493","1":"product","2":"type-product","3":"status-publish","4":"has-post-thumbnail","6":"product_cat-outils-a-manche-sneeboer","7":"product_tag-beche","8":"product_tag-sneeboer","9":"product_shipping_class-col2k","11":"first","12":"outofstock","13":"purchasable","14":"product-type-simple"},"jetpack_sharing_enabled":true,"_links":{"self":[{"href":"https:\/\/catrionamclean.com\/shopfr\/wp-json\/wp\/v2\/product\/493","targetHints":{"allow":["GET"]}}],"collection":[{"href":"https:\/\/catrionamclean.com\/shopfr\/wp-json\/wp\/v2\/product"}],"about":[{"href":"https:\/\/catrionamclean.com\/shopfr\/wp-json\/wp\/v2\/types\/product"}],"replies":[{"embeddable":true,"href":"https:\/\/catrionamclean.com\/shopfr\/wp-json\/wp\/v2\/comments?post=493"}],"wp:featuredmedia":[{"embeddable":true,"href":"https:\/\/catrionamclean.com\/shopfr\/wp-json\/wp\/v2\/media\/494"}],"wp:attachment":[{"href":"https:\/\/catrionamclean.com\/shopfr\/wp-json\/wp\/v2\/media?parent=493"}],"wp:term":[{"taxonomy":"product_brand","embeddable":true,"href":"https:\/\/catrionamclean.com\/shopfr\/wp-json\/wp\/v2\/product_brand?post=493"},{"taxonomy":"product_cat","embeddable":true,"href":"https:\/\/catrionamclean.com\/shopfr\/wp-json\/wp\/v2\/product_cat?post=493"},{"taxonomy":"product_tag","embeddable":true,"href":"https:\/\/catrionamclean.com\/shopfr\/wp-json\/wp\/v2\/product_tag?post=493"}],"curies":[{"name":"wp","href":"https:\/\/api.w.org\/{rel}","templated":true}]}}