{"id":500,"date":"2017-09-18T15:29:02","date_gmt":"2017-09-18T13:29:02","guid":{"rendered":"http:\/\/catrionamclean.com\/shopfr\/produit\/snb-9015\/"},"modified":"2024-03-18T16:35:22","modified_gmt":"2024-03-18T15:35:22","slug":"snb-9015","status":"publish","type":"product","link":"https:\/\/catrionamclean.com\/shopfr\/produit\/snb-9015\/","title":{"rendered":"Sneeboer Pelle b\u00eache &#8211; sols caillouteux"},"content":{"rendered":"<p>Ce b\u00eache tr\u00e8s sp\u00e9cial vous donnera une grande joie, car il vous permet de prendre le jardinage \u00e0 un niveau sup\u00e9rieur. Il est con\u00e7u pour fonctionner dans sol caillouteux o\u00f9 d&rsquo;autres b\u00eaches et pelles ne marchent pas.<br \/>\nLa b\u00eache est \u00e9galement tr\u00e8s souple car elle peut \u00eatre utilis\u00e9e \u00e0 transplanter les arbustes et les roses dans les massifs. Poign\u00e9e de bois de fr\u00eane, plus syst\u00e8me de protection anti coupe botte<\/p>\n<p>Forg\u00e9 \u00e0 la main en inox avec manche en fr\u00eane en Hollande<br \/>\nDents fortes et pointues pour p\u00e9n\u00e9trer les sols les plus difficiles et caillouteux.<br \/>\nPlantation et transplantation des arbustes et arbres<br \/>\nSyst\u00e8me de protection anti coupe botte<br \/>\nFabriqu\u00e9 en Hollande par SNEEBOER<br \/>\nPoids: 1.9 kg<\/p>\n<p>Sneeboer Artisans depuis 1913<br \/>\nSneeboer est internationalement renomm\u00e9 pour ses outils de jardin forg\u00e9s \u00e0 la main de haute qualit\u00e9, en acier inoxydable. La soci\u00e9t\u00e9 est hollandaise et bas\u00e9e dans le nord-ouest des Pays-Bas et a \u00e9t\u00e9 fond\u00e9e en 1913.<br \/>\nTous les outils sont forg\u00e9s \u00e0 la main en utilisant de l&rsquo;acier inoxydable de haute qualit\u00e9 et les poign\u00e9es sont fabriqu\u00e9es \u00e0 la main en bois de fr\u00eane ou en bois de cerisier par des artisans qualifi\u00e9s utilisant des techniques pratiqu\u00e9es et d\u00e9velopp\u00e9es depuis plus d&rsquo;un si\u00e8cle.<br \/>\nLes jardiniers s\u00e9rieux ach\u00e8tent des outils Sneeboer pour leur long\u00e9vit\u00e9, leur capacit\u00e9 \u00e0 faire habilement le travail pour lequel ils sont con\u00e7us, et parce que chaque outil est un plaisir prendre en main et \u00e0 utiliser.<\/p>\n","protected":false},"excerpt":{"rendered":"<p>Pelle b\u00eache en inox pour les sols caillouteux.<br \/>\nTr\u00e8s sp\u00e9ciale avec dents fortes et pointues<br \/>\n<em>Stone Spade with steps<\/em><\/p>\n","protected":false},"featured_media":501,"comment_status":"closed","ping_status":"closed","template":"","meta":{"_links_to":"","_links_to_target":""},"product_brand":[],"product_cat":[56],"product_tag":[40,150],"class_list":{"0":"post-500","1":"product","2":"type-product","3":"status-publish","4":"has-post-thumbnail","6":"product_cat-outils-a-manche-sneeboer","7":"product_tag-beche","8":"product_tag-sneeboer","9":"product_shipping_class-col5k","11":"first","12":"outofstock","13":"sale","14":"purchasable","15":"product-type-simple"},"jetpack_sharing_enabled":true,"_links":{"self":[{"href":"https:\/\/catrionamclean.com\/shopfr\/wp-json\/wp\/v2\/product\/500","targetHints":{"allow":["GET"]}}],"collection":[{"href":"https:\/\/catrionamclean.com\/shopfr\/wp-json\/wp\/v2\/product"}],"about":[{"href":"https:\/\/catrionamclean.com\/shopfr\/wp-json\/wp\/v2\/types\/product"}],"replies":[{"embeddable":true,"href":"https:\/\/catrionamclean.com\/shopfr\/wp-json\/wp\/v2\/comments?post=500"}],"wp:featuredmedia":[{"embeddable":true,"href":"https:\/\/catrionamclean.com\/shopfr\/wp-json\/wp\/v2\/media\/501"}],"wp:attachment":[{"href":"https:\/\/catrionamclean.com\/shopfr\/wp-json\/wp\/v2\/media?parent=500"}],"wp:term":[{"taxonomy":"product_brand","embeddable":true,"href":"https:\/\/catrionamclean.com\/shopfr\/wp-json\/wp\/v2\/product_brand?post=500"},{"taxonomy":"product_cat","embeddable":true,"href":"https:\/\/catrionamclean.com\/shopfr\/wp-json\/wp\/v2\/product_cat?post=500"},{"taxonomy":"product_tag","embeddable":true,"href":"https:\/\/catrionamclean.com\/shopfr\/wp-json\/wp\/v2\/product_tag?post=500"}],"curies":[{"name":"wp","href":"https:\/\/api.w.org\/{rel}","templated":true}]}}