{"id":51,"date":"2017-09-18T15:26:10","date_gmt":"2017-09-18T13:26:10","guid":{"rendered":"http:\/\/catrionamclean.com\/shopfr\/produit\/dw-3049\/"},"modified":"2023-10-30T11:04:18","modified_gmt":"2023-10-30T10:04:18","slug":"dw-3049","status":"publish","type":"product","link":"https:\/\/catrionamclean.com\/shopfr\/produit\/dw-3049\/","title":{"rendered":"DW 3049 De Wit Transplantoir \u00e0 rempotage"},"content":{"rendered":"<p>Plantoir \u00e0 main con\u00e7u sp\u00e9cialement pour pots et conteneurs, ainsi que pour la division des plantes telles que les hostas. La t\u00eate est l\u00e9g\u00e8rement en creux et bien aff\u00fbt\u00e9e et avec cette lame l\u00e9g\u00e8rement incurv\u00e9e et aiguis\u00e9e \u00e0 l\u2019extr\u00e9mit\u00e9, le jardinage devient tr\u00e8s facile.<br \/>\nTr\u00e8s solide et ing\u00e9nieux<\/p>\n<p>Poign\u00e9e en fr\u00eane, Forg\u00e9 en acier carbone<br \/>\nCostaud et solide<br \/>\nFabriqu\u00e9 en Hollande par DE WIT<br \/>\nDimensions: 280x100x50 mm<br \/>\nPoids: 0.21 kg<\/p>\n<p>De Wit, Artisans depuis 1898<br \/>\nDepuis plus de 115 ans, le nom de De Wit est synonyme d\u2019un artisanat fiable et de grande qualit\u00e9. Depuis 1898, la famille De Wit fabrique des outils de jardinage et des outils agricoles en acier au carbone dans leur fonderie dans le nord de la Hollande.<br \/>\nC\u2019est une entreprise familiale qui associe l&rsquo;artisanat \u00e0 la tradition, qui n&rsquo;a pas peur de l&rsquo;innovation. Choisir De Wit est une garantie pour la qualit\u00e9 la plus fine des outils forg\u00e9s, avec une gamme de produits v\u00e9n\u00e9r\u00e9s dans le monde entier.<br \/>\nLes outils en acier forg\u00e9 sont les plus r\u00e9sistants. L\u2019acier au carbone est par nature beaucoup plus solide que l&rsquo;acier inoxydable.<br \/>\nCes outils en acier forg\u00e9s \u00e0 la main, sont de la plus haute qualit\u00e9, et sont les meilleurs pour jardiner .Le nom De Wit est renomm\u00e9 dans le monde du jardinage.<br \/>\nChaque mod\u00e8le poss\u00e8de une teneur en carbone en acier sp\u00e9cifique en fonction de son utilisation. Les lames sont forg\u00e9es \u00e0 la main avec un bord effil\u00e9 qui p\u00e9n\u00e8trent dans le sol avec beaucoup de facilit\u00e9.<br \/>\nLes poign\u00e9es en bois franc sont en fr\u00eane europ\u00e9en de source durable. Elles sont huil\u00e9es et la prise en main est douce et tr\u00e8s confortable, m\u00eame pour le jardinage difficile.<\/p>\n","protected":false},"excerpt":{"rendered":"<p>Plantoir \u00e0 main pratique pour planter en pots et en vases \u2013 forme de coeur.<br \/>\n<em>\u2018Heart\u2019 Potting trowel<\/em><\/p>\n","protected":false},"featured_media":52,"comment_status":"closed","ping_status":"closed","template":"","meta":{"_links_to":"","_links_to_target":""},"product_brand":[],"product_cat":[16],"product_tag":[17],"class_list":{"0":"post-51","1":"product","2":"type-product","3":"status-publish","4":"has-post-thumbnail","6":"product_cat-outils-a-main-de-wit","7":"product_tag-transplantoir","8":"product_shipping_class-col750","10":"first","11":"instock","12":"purchasable","13":"product-type-simple"},"jetpack_sharing_enabled":true,"_links":{"self":[{"href":"https:\/\/catrionamclean.com\/shopfr\/wp-json\/wp\/v2\/product\/51","targetHints":{"allow":["GET"]}}],"collection":[{"href":"https:\/\/catrionamclean.com\/shopfr\/wp-json\/wp\/v2\/product"}],"about":[{"href":"https:\/\/catrionamclean.com\/shopfr\/wp-json\/wp\/v2\/types\/product"}],"replies":[{"embeddable":true,"href":"https:\/\/catrionamclean.com\/shopfr\/wp-json\/wp\/v2\/comments?post=51"}],"wp:featuredmedia":[{"embeddable":true,"href":"https:\/\/catrionamclean.com\/shopfr\/wp-json\/wp\/v2\/media\/52"}],"wp:attachment":[{"href":"https:\/\/catrionamclean.com\/shopfr\/wp-json\/wp\/v2\/media?parent=51"}],"wp:term":[{"taxonomy":"product_brand","embeddable":true,"href":"https:\/\/catrionamclean.com\/shopfr\/wp-json\/wp\/v2\/product_brand?post=51"},{"taxonomy":"product_cat","embeddable":true,"href":"https:\/\/catrionamclean.com\/shopfr\/wp-json\/wp\/v2\/product_cat?post=51"},{"taxonomy":"product_tag","embeddable":true,"href":"https:\/\/catrionamclean.com\/shopfr\/wp-json\/wp\/v2\/product_tag?post=51"}],"curies":[{"name":"wp","href":"https:\/\/api.w.org\/{rel}","templated":true}]}}