{"id":511,"date":"2017-09-18T15:29:03","date_gmt":"2017-09-18T13:29:03","guid":{"rendered":"http:\/\/catrionamclean.com\/shopfr\/produit\/snb-5087\/"},"modified":"2023-02-09T16:00:54","modified_gmt":"2023-02-09T15:00:54","slug":"snb-5087","status":"publish","type":"product","link":"https:\/\/catrionamclean.com\/shopfr\/produit\/snb-5087\/","title":{"rendered":"Sneeboer Fourche 3 dents T-manche"},"content":{"rendered":"<p>La fourche \u00e0 creuser est plus l\u00e9ger que les mod\u00e8les pr\u00e9c\u00e9dents, mais est lourd suffisamment pour faire face \u00e0 creuser sur le massif le plus grand. La longueur totale de ce fourche ergonomique sup\u00e9rieur est de 118 cm et dents de 23 cm plates qui tranchent le sol plus compact. T-manche 90 cm en bois de fr\u00eane<\/p>\n<p>Fonction de l&rsquo;outil: creuser.<br \/>\nT manche, Manche en fr\u00eane<br \/>\nacier inoxydable,forg\u00e9 \u00e0 main<br \/>\nFabriqu\u00e9 en Hollande par SNEEBOER<br \/>\nPoids: 1.9 kg<\/p>\n<p>Sneeboer Artisans depuis 1913<br \/>\nSneeboer est internationalement renomm\u00e9 pour ses outils de jardin forg\u00e9s \u00e0 la main de haute qualit\u00e9, en acier inoxydable. La soci\u00e9t\u00e9 est hollandaise et bas\u00e9e dans le nord-ouest des Pays-Bas et a \u00e9t\u00e9 fond\u00e9e en 1913.<br \/>\nTous les outils sont forg\u00e9s \u00e0 la main en utilisant de l&rsquo;acier inoxydable de haute qualit\u00e9 et les poign\u00e9es sont fabriqu\u00e9es \u00e0 la main en bois de fr\u00eane ou en bois de cerisier par des artisans qualifi\u00e9s utilisant des techniques pratiqu\u00e9es et d\u00e9velopp\u00e9es depuis plus d&rsquo;un si\u00e8cle.<br \/>\nLes jardiniers s\u00e9rieux ach\u00e8tent des outils Sneeboer pour leur long\u00e9vit\u00e9, leur capacit\u00e9 \u00e0 faire habilement le travail pour lequel ils sont con\u00e7us, et parce que chaque outil est un plaisir prendre en main et \u00e0 utiliser.<\/p>\n","protected":false},"excerpt":{"rendered":"<p>Fourche 3 dents 90 cm T-manche. Acier inoxydable et manche en fr\u00eane.<br \/>\n<em>Digging Fork &#8211; 3 tine<\/em><\/p>\n","protected":false},"featured_media":512,"comment_status":"closed","ping_status":"closed","template":"","meta":{"_links_to":"","_links_to_target":""},"product_brand":[],"product_cat":[56],"product_tag":[22,42,150],"class_list":{"0":"post-511","1":"product","2":"type-product","3":"status-publish","4":"has-post-thumbnail","6":"product_cat-outils-a-manche-sneeboer","7":"product_tag-fourche","8":"product_tag-fourche-beche","9":"product_tag-sneeboer","10":"product_shipping_class-col5k","12":"first","13":"outofstock","14":"sale","15":"purchasable","16":"product-type-simple"},"jetpack_sharing_enabled":true,"_links":{"self":[{"href":"https:\/\/catrionamclean.com\/shopfr\/wp-json\/wp\/v2\/product\/511","targetHints":{"allow":["GET"]}}],"collection":[{"href":"https:\/\/catrionamclean.com\/shopfr\/wp-json\/wp\/v2\/product"}],"about":[{"href":"https:\/\/catrionamclean.com\/shopfr\/wp-json\/wp\/v2\/types\/product"}],"replies":[{"embeddable":true,"href":"https:\/\/catrionamclean.com\/shopfr\/wp-json\/wp\/v2\/comments?post=511"}],"wp:featuredmedia":[{"embeddable":true,"href":"https:\/\/catrionamclean.com\/shopfr\/wp-json\/wp\/v2\/media\/512"}],"wp:attachment":[{"href":"https:\/\/catrionamclean.com\/shopfr\/wp-json\/wp\/v2\/media?parent=511"}],"wp:term":[{"taxonomy":"product_brand","embeddable":true,"href":"https:\/\/catrionamclean.com\/shopfr\/wp-json\/wp\/v2\/product_brand?post=511"},{"taxonomy":"product_cat","embeddable":true,"href":"https:\/\/catrionamclean.com\/shopfr\/wp-json\/wp\/v2\/product_cat?post=511"},{"taxonomy":"product_tag","embeddable":true,"href":"https:\/\/catrionamclean.com\/shopfr\/wp-json\/wp\/v2\/product_tag?post=511"}],"curies":[{"name":"wp","href":"https:\/\/api.w.org\/{rel}","templated":true}]}}