{"id":7230,"date":"2019-04-11T15:10:56","date_gmt":"2019-04-11T13:10:56","guid":{"rendered":"https:\/\/catrionamclean.com\/shopfr\/?post_type=product&#038;p=7230"},"modified":"2022-11-04T18:11:15","modified_gmt":"2022-11-04T17:11:15","slug":"rev-3120","status":"publish","type":"product","link":"https:\/\/catrionamclean.com\/shopfr\/produit\/rev-3120\/","title":{"rendered":"REV 3120 Revex Scie Pliante 41cm"},"content":{"rendered":"<p>REVEX Outils de coupe fabriqu\u00e9s en France<\/p>\n<p>Revex a 200 ann\u00e9es d\u2019exp\u00e9rience et investit au quotidien dans l\u2019innovation, dans la recherche et le d\u00e9veloppement afin d\u2019offrir des s\u00e9cateurs de qualit\u00e9 o\u00f9 l\u2019innovation technologique apporte un r\u00e9el avantage au quotidien : gain de temps, confort et s\u00e9curit\u00e9.<br \/>\nLes s\u00e9cateurs sont cr\u00e9\u00e9s par une entreprise qui a repris la marque Arno sous l\u2019intitul\u00e9 REVEX. L\u2019entreprise, toujours bas\u00e9e en Auvergne depuis 1927, continue \u00e0 fabriquer des s\u00e9cateurs et des outils de coupe.<\/p>\n","protected":false},"excerpt":{"rendered":"<p>REVEX Outils de coupe fabriqu\u00e9s en France Revex a 200 ann\u00e9es d\u2019exp\u00e9rience et investit au quotidien dans l\u2019innovation, dans la recherche et le d\u00e9veloppement afin d\u2019offrir des s\u00e9cateurs de qualit\u00e9 o\u00f9 l\u2019innovation technologique apporte un r\u00e9el avantage au quotidien : gain de temps, confort et s\u00e9curit\u00e9. Les s\u00e9cateurs sont cr\u00e9\u00e9s par une entreprise qui a [&hellip;]<\/p>\n","protected":false},"featured_media":7229,"comment_status":"closed","ping_status":"closed","template":"","meta":{"_links_to":"","_links_to_target":""},"product_brand":[],"product_cat":[127,140],"product_tag":[49],"class_list":{"0":"post-7230","1":"product","2":"type-product","3":"status-publish","4":"has-post-thumbnail","6":"product_cat-cisailles-scies-revex","7":"product_cat-outils-revex","8":"product_tag-scie","9":"product_shipping_class-col500","11":"first","12":"outofstock","13":"purchasable","14":"product-type-simple"},"jetpack_sharing_enabled":true,"_links":{"self":[{"href":"https:\/\/catrionamclean.com\/shopfr\/wp-json\/wp\/v2\/product\/7230","targetHints":{"allow":["GET"]}}],"collection":[{"href":"https:\/\/catrionamclean.com\/shopfr\/wp-json\/wp\/v2\/product"}],"about":[{"href":"https:\/\/catrionamclean.com\/shopfr\/wp-json\/wp\/v2\/types\/product"}],"replies":[{"embeddable":true,"href":"https:\/\/catrionamclean.com\/shopfr\/wp-json\/wp\/v2\/comments?post=7230"}],"wp:featuredmedia":[{"embeddable":true,"href":"https:\/\/catrionamclean.com\/shopfr\/wp-json\/wp\/v2\/media\/7229"}],"wp:attachment":[{"href":"https:\/\/catrionamclean.com\/shopfr\/wp-json\/wp\/v2\/media?parent=7230"}],"wp:term":[{"taxonomy":"product_brand","embeddable":true,"href":"https:\/\/catrionamclean.com\/shopfr\/wp-json\/wp\/v2\/product_brand?post=7230"},{"taxonomy":"product_cat","embeddable":true,"href":"https:\/\/catrionamclean.com\/shopfr\/wp-json\/wp\/v2\/product_cat?post=7230"},{"taxonomy":"product_tag","embeddable":true,"href":"https:\/\/catrionamclean.com\/shopfr\/wp-json\/wp\/v2\/product_tag?post=7230"}],"curies":[{"name":"wp","href":"https:\/\/api.w.org\/{rel}","templated":true}]}}