{"id":739,"date":"2017-09-24T12:52:24","date_gmt":"2017-09-24T10:52:24","guid":{"rendered":"http:\/\/catrionamclean.com\/shopfr\/produit\/brd-014\/"},"modified":"2023-05-02T15:10:49","modified_gmt":"2023-05-02T13:10:49","slug":"brd-014","status":"publish","type":"product","link":"https:\/\/catrionamclean.com\/shopfr\/produit\/brd-014\/","title":{"rendered":"Bradleys Gants en cuir de daim Orange"},"content":{"rendered":"<p>Ces gants de jardinage faits \u00e0 la main en cuir ont une manchette en cuir souple d&rsquo;une longeur de 20cm, qui donne une protection efficace contre les ronces et autres plantes \u00e9pineuses! Il peut y avoir moins cher dans les gants de jardinage sur le march\u00e9, mais aucun avec une une qualit\u00e9 aussi excellente. Ils vous accompagneront pendants des ann\u00e9es. Le cadeau id\u00e9al pour jardini\u00e8re et jardinier.<\/p>\n<p>Taille Moyen\/7\u00bd id\u00e9al pour les femmes<br \/>\nTaille Grand 10 id\u00e9al pour les hommes<br \/>\nCuir et daim souple pour le confort<br \/>\nFabrication \u00e0 la main<br \/>\nProtection contre les \u00e9pines.<br \/>\nFabriqu\u00e9 en Angleterre par BRADLEYS<br \/>\nPoids: 0.2 kg<\/p>\n<p>Bradley&rsquo;s The Tannery fabrique des articles en cuir depuis 1984. Ils sont fiers d&rsquo;\u00eatre l&rsquo;une des derni\u00e8res tanneries de cuir en Angleterre. Tous leurs gants et accessoires de jardin sont faits \u00e0 la main en utilisant uniquement les meilleurs mat\u00e9riaux de qualit\u00e9 britannique par une \u00e9quipe d\u2019artisans et d\u2019artisanes hautement qualifi\u00e9s, bas\u00e9e \u00e0 Shropshire, en Angleterre.<\/p>\n","protected":false},"excerpt":{"rendered":"<p>Gants en cuir avec manchettes de daim pour proteger vos bras<br \/><em>Suede Leather Gardening Gloves Orange<\/em><\/p>\n","protected":false},"featured_media":740,"comment_status":"closed","ping_status":"closed","template":"","meta":{"_links_to":"","_links_to_target":""},"product_brand":[],"product_cat":[87],"product_tag":[160,164],"class_list":{"0":"post-739","1":"product","2":"type-product","3":"status-publish","4":"has-post-thumbnail","6":"product_cat-gants-en-cuir-bradleys","7":"product_tag-bradleys","8":"product_tag-gants-cuir","9":"product_shipping_class-col500","11":"first","12":"outofstock","13":"purchasable","14":"product-type-variable"},"jetpack_sharing_enabled":true,"_links":{"self":[{"href":"https:\/\/catrionamclean.com\/shopfr\/wp-json\/wp\/v2\/product\/739","targetHints":{"allow":["GET"]}}],"collection":[{"href":"https:\/\/catrionamclean.com\/shopfr\/wp-json\/wp\/v2\/product"}],"about":[{"href":"https:\/\/catrionamclean.com\/shopfr\/wp-json\/wp\/v2\/types\/product"}],"replies":[{"embeddable":true,"href":"https:\/\/catrionamclean.com\/shopfr\/wp-json\/wp\/v2\/comments?post=739"}],"wp:featuredmedia":[{"embeddable":true,"href":"https:\/\/catrionamclean.com\/shopfr\/wp-json\/wp\/v2\/media\/740"}],"wp:attachment":[{"href":"https:\/\/catrionamclean.com\/shopfr\/wp-json\/wp\/v2\/media?parent=739"}],"wp:term":[{"taxonomy":"product_brand","embeddable":true,"href":"https:\/\/catrionamclean.com\/shopfr\/wp-json\/wp\/v2\/product_brand?post=739"},{"taxonomy":"product_cat","embeddable":true,"href":"https:\/\/catrionamclean.com\/shopfr\/wp-json\/wp\/v2\/product_cat?post=739"},{"taxonomy":"product_tag","embeddable":true,"href":"https:\/\/catrionamclean.com\/shopfr\/wp-json\/wp\/v2\/product_tag?post=739"}],"curies":[{"name":"wp","href":"https:\/\/api.w.org\/{rel}","templated":true}]}}