{"id":7571,"date":"2021-11-17T15:10:10","date_gmt":"2021-11-17T14:10:10","guid":{"rendered":"https:\/\/catrionamclean.com\/shopfr\/?post_type=product&#038;p=7571"},"modified":"2023-08-14T12:54:36","modified_gmt":"2023-08-14T10:54:36","slug":"houe-a-main-royal-sneeboer","status":"publish","type":"product","link":"https:\/\/catrionamclean.com\/shopfr\/produit\/houe-a-main-royal-sneeboer\/","title":{"rendered":"Houe \u00e0 main Royal Sneeboer SNB 8252"},"content":{"rendered":"<p>La houe \u00e0 main Royal est un outil multifonctionnel et peut \u00eatre utilis\u00e9 dans un potager sur\u00e9lev\u00e9, un potager de balcon et les pots de fleurs. C&rsquo;est un outil \u00e0 de multiples usages. La houe \u00e0 main Royal est avec 170 grammes un outil tres l\u00e9ger et peut \u00eatre utilis\u00e9 dans le jardin sans aucun effort.<\/p>\n<p>Code article 8252-140250<\/p>\n<p>Dimension de la t\u00eate 6 cm<br \/>\nLongueur de t\u00eate 17 cm<br \/>\nDimension du manche 14 cm<br \/>\nLongueur totale 32 cm<br \/>\nMat\u00e9riel du manche bois de fr\u00eane<br \/>\nPoids 0,17 kg<\/p>\n","protected":false},"excerpt":{"rendered":"<p>La houe \u00e0 main Royal est un outil multifonctionnel et peut \u00eatre utilis\u00e9 dans un potager sur\u00e9lev\u00e9, un potager de balcon et les pots de fleurs. C&rsquo;est un outil \u00e0 de multiples usages. La houe \u00e0 main Royal est avec 170 grammes un outil tres l\u00e9ger et peut \u00eatre utilis\u00e9 dans le jardin sans aucun effort.<\/p>\n","protected":false},"featured_media":7572,"comment_status":"closed","ping_status":"closed","template":"","meta":{"_links_to":"","_links_to_target":""},"product_brand":[],"product_cat":[53,56],"product_tag":[29,147,150],"class_list":{"0":"post-7571","1":"product","2":"type-product","3":"status-publish","4":"has-post-thumbnail","6":"product_cat-outils-a-main-sneeboer","7":"product_cat-outils-a-manche-sneeboer","8":"product_tag-houe","9":"product_tag-inox","10":"product_tag-sneeboer","12":"first","13":"instock","14":"sale","15":"purchasable","16":"product-type-simple"},"jetpack_sharing_enabled":true,"_links":{"self":[{"href":"https:\/\/catrionamclean.com\/shopfr\/wp-json\/wp\/v2\/product\/7571","targetHints":{"allow":["GET"]}}],"collection":[{"href":"https:\/\/catrionamclean.com\/shopfr\/wp-json\/wp\/v2\/product"}],"about":[{"href":"https:\/\/catrionamclean.com\/shopfr\/wp-json\/wp\/v2\/types\/product"}],"replies":[{"embeddable":true,"href":"https:\/\/catrionamclean.com\/shopfr\/wp-json\/wp\/v2\/comments?post=7571"}],"wp:featuredmedia":[{"embeddable":true,"href":"https:\/\/catrionamclean.com\/shopfr\/wp-json\/wp\/v2\/media\/7572"}],"wp:attachment":[{"href":"https:\/\/catrionamclean.com\/shopfr\/wp-json\/wp\/v2\/media?parent=7571"}],"wp:term":[{"taxonomy":"product_brand","embeddable":true,"href":"https:\/\/catrionamclean.com\/shopfr\/wp-json\/wp\/v2\/product_brand?post=7571"},{"taxonomy":"product_cat","embeddable":true,"href":"https:\/\/catrionamclean.com\/shopfr\/wp-json\/wp\/v2\/product_cat?post=7571"},{"taxonomy":"product_tag","embeddable":true,"href":"https:\/\/catrionamclean.com\/shopfr\/wp-json\/wp\/v2\/product_tag?post=7571"}],"curies":[{"name":"wp","href":"https:\/\/api.w.org\/{rel}","templated":true}]}}