{"id":7729,"date":"2022-10-30T11:49:57","date_gmt":"2022-10-30T10:49:57","guid":{"rendered":"https:\/\/catrionamclean.com\/shopfr\/?post_type=product&#038;p=7729"},"modified":"2023-09-20T14:32:35","modified_gmt":"2023-09-20T12:32:35","slug":"okatsune-216-cisaille-topiares-avec-manches-courts","status":"publish","type":"product","link":"https:\/\/catrionamclean.com\/shopfr\/produit\/okatsune-216-cisaille-topiares-avec-manches-courts\/","title":{"rendered":"Okatsune 216 Cisaille topiares  avec manches courts"},"content":{"rendered":"<p>La cisaille topiares Okatsune 216 \u00e0 manches courts et \u00e0 lames courtes est la plus compacte chez Okatsune. Extr\u00eamement l\u00e9g\u00e8re, parfaitement \u00e9quilibr\u00e9e \u00e0 l&rsquo;art topiare le plus raffin\u00e9.<\/p>\n<p>The Okatsune 216 topiary shears with short handles and short blades is the most compact at Okatsune. Extremely light, perfectly balanced to the finest topiary art.<\/p>\n","protected":false},"excerpt":{"rendered":"<p>La cisaille Okatsune 216 \u00e0 manches courts et \u00e0 lames courtes est la plus compacte chez Okatsune. Extr\u00eamement l\u00e9g\u00e8re, parfaitement \u00e9quilibr\u00e9e \u00e0 l&rsquo;art topiare le plus raffin\u00e9.<\/p>\n<p>The Okatsune 216 shears with short handles and short blades is the most compact at Okatsune. Extremely light, perfectly balanced to the finest topiary art.<img loading=\"lazy\" decoding=\"async\" class=\"alignnone size-medium wp-image-7721\" src=\"https:\/\/catrionamclean.com\/shopfr\/wp-content\/uploads\/KST231_Okatsune-231_action-04-300x201.jpg\" alt=\"\" width=\"300\" height=\"201\" srcset=\"https:\/\/i0.wp.com\/catrionamclean.com\/shopfr\/wp-content\/uploads\/KST231_Okatsune-231_action-04.jpg?resize=300%2C201&amp;ssl=1 300w, https:\/\/i0.wp.com\/catrionamclean.com\/shopfr\/wp-content\/uploads\/KST231_Okatsune-231_action-04.jpg?resize=768%2C514&amp;ssl=1 768w, https:\/\/i0.wp.com\/catrionamclean.com\/shopfr\/wp-content\/uploads\/KST231_Okatsune-231_action-04.jpg?resize=416%2C279&amp;ssl=1 416w, https:\/\/i0.wp.com\/catrionamclean.com\/shopfr\/wp-content\/uploads\/KST231_Okatsune-231_action-04.jpg?w=929&amp;ssl=1 929w\" sizes=\"auto, (max-width: 300px) 100vw, 300px\" \/><img loading=\"lazy\" decoding=\"async\" class=\"alignnone size-medium wp-image-7732\" src=\"https:\/\/catrionamclean.com\/shopfr\/wp-content\/uploads\/KST216_Okatsune-216_action-02-300x201.jpg\" alt=\"\" width=\"300\" height=\"201\" srcset=\"https:\/\/i0.wp.com\/catrionamclean.com\/shopfr\/wp-content\/uploads\/KST216_Okatsune-216_action-02.jpg?resize=300%2C201&amp;ssl=1 300w, https:\/\/i0.wp.com\/catrionamclean.com\/shopfr\/wp-content\/uploads\/KST216_Okatsune-216_action-02.jpg?resize=768%2C514&amp;ssl=1 768w, https:\/\/i0.wp.com\/catrionamclean.com\/shopfr\/wp-content\/uploads\/KST216_Okatsune-216_action-02.jpg?resize=416%2C279&amp;ssl=1 416w, https:\/\/i0.wp.com\/catrionamclean.com\/shopfr\/wp-content\/uploads\/KST216_Okatsune-216_action-02.jpg?w=929&amp;ssl=1 929w\" sizes=\"auto, (max-width: 300px) 100vw, 300px\" \/><img loading=\"lazy\" decoding=\"async\" class=\"alignnone size-medium wp-image-7731\" src=\"https:\/\/catrionamclean.com\/shopfr\/wp-content\/uploads\/KST216_Okatsune-216_action-01-300x201.jpg\" alt=\"\" width=\"300\" height=\"201\" srcset=\"https:\/\/i0.wp.com\/catrionamclean.com\/shopfr\/wp-content\/uploads\/KST216_Okatsune-216_action-01.jpg?resize=300%2C201&amp;ssl=1 300w, https:\/\/i0.wp.com\/catrionamclean.com\/shopfr\/wp-content\/uploads\/KST216_Okatsune-216_action-01.jpg?resize=768%2C514&amp;ssl=1 768w, https:\/\/i0.wp.com\/catrionamclean.com\/shopfr\/wp-content\/uploads\/KST216_Okatsune-216_action-01.jpg?resize=416%2C279&amp;ssl=1 416w, https:\/\/i0.wp.com\/catrionamclean.com\/shopfr\/wp-content\/uploads\/KST216_Okatsune-216_action-01.jpg?w=929&amp;ssl=1 929w\" sizes=\"auto, (max-width: 300px) 100vw, 300px\" \/><\/p>\n","protected":false},"featured_media":7732,"comment_status":"closed","ping_status":"closed","template":"","meta":{"_links_to":"","_links_to_target":""},"product_brand":[],"product_cat":[122,83,43],"product_tag":[153,155,154,157,156],"class_list":{"0":"post-7729","1":"product","2":"type-product","3":"status-publish","4":"has-post-thumbnail","6":"product_cat-cisailles-a-haie-japonais","7":"product_cat-outils-japonais","8":"product_cat-secateurs-epinettes-okatsune","9":"product_tag-cisaille","10":"product_tag-hedge-shears","11":"product_tag-loppers","12":"product_tag-okatsune","13":"product_tag-topiary-shears","14":"product_shipping_class-col5k","16":"first","17":"outofstock","18":"purchasable","19":"product-type-simple"},"jetpack_sharing_enabled":true,"_links":{"self":[{"href":"https:\/\/catrionamclean.com\/shopfr\/wp-json\/wp\/v2\/product\/7729","targetHints":{"allow":["GET"]}}],"collection":[{"href":"https:\/\/catrionamclean.com\/shopfr\/wp-json\/wp\/v2\/product"}],"about":[{"href":"https:\/\/catrionamclean.com\/shopfr\/wp-json\/wp\/v2\/types\/product"}],"replies":[{"embeddable":true,"href":"https:\/\/catrionamclean.com\/shopfr\/wp-json\/wp\/v2\/comments?post=7729"}],"wp:featuredmedia":[{"embeddable":true,"href":"https:\/\/catrionamclean.com\/shopfr\/wp-json\/wp\/v2\/media\/7732"}],"wp:attachment":[{"href":"https:\/\/catrionamclean.com\/shopfr\/wp-json\/wp\/v2\/media?parent=7729"}],"wp:term":[{"taxonomy":"product_brand","embeddable":true,"href":"https:\/\/catrionamclean.com\/shopfr\/wp-json\/wp\/v2\/product_brand?post=7729"},{"taxonomy":"product_cat","embeddable":true,"href":"https:\/\/catrionamclean.com\/shopfr\/wp-json\/wp\/v2\/product_cat?post=7729"},{"taxonomy":"product_tag","embeddable":true,"href":"https:\/\/catrionamclean.com\/shopfr\/wp-json\/wp\/v2\/product_tag?post=7729"}],"curies":[{"name":"wp","href":"https:\/\/api.w.org\/{rel}","templated":true}]}}