{"id":7754,"date":"2022-12-10T15:54:27","date_gmt":"2022-12-10T14:54:27","guid":{"rendered":"https:\/\/catrionamclean.com\/shopfr\/?post_type=product&#038;p=7754"},"modified":"2023-09-20T14:35:28","modified_gmt":"2023-09-20T12:35:28","slug":"okatsune-cisaille-a-manches-longues-oka-230","status":"publish","type":"product","link":"https:\/\/catrionamclean.com\/shopfr\/produit\/okatsune-cisaille-a-manches-longues-oka-230\/","title":{"rendered":"Okatsune Cisaille \u00e0 manches longues OKA 230"},"content":{"rendered":"<p><!--more--><\/p>\n<p>La cisaille Okatsune 230 \u00e0 longs manches et \u00e0 longues lames offre unhe port\u00e9e maximale, id\u00e9ale pour lesnhauts haies jusqu&rsquo;\u00e0 2,5 m\u00e8tres de hautr. Cette cisaille \u00e0 haie bien \u00e9quilibr\u00e9e est longues,l\u00e9g\u00e8re et maniable.<br \/>\nLes lames sont affut\u00e9es sur deux angles pour une coupe franche en douceur avec un peu d&rsquo;enrgie. Cette perfection se recoonait au \u00ab\u00a0chant\u00a0\u00bb des cisailles.<\/p>\n<p>Manches longs &#8211; Lames longues<\/p>\n","protected":false},"excerpt":{"rendered":"<p>La cisaille Okatsune 230 \u00e0 longs manches et \u00e0 longues lames<\/p>\n","protected":false},"featured_media":7755,"comment_status":"closed","ping_status":"closed","template":"","meta":{"_links_to":"","_links_to_target":""},"product_brand":[],"product_cat":[122,83],"product_tag":[50,158,157],"class_list":{"0":"post-7754","1":"product","2":"type-product","3":"status-publish","4":"has-post-thumbnail","6":"product_cat-cisailles-a-haie-japonais","7":"product_cat-outils-japonais","8":"product_tag-cisailles","9":"product_tag-japonais","10":"product_tag-okatsune","12":"first","13":"instock","14":"purchasable","15":"product-type-simple"},"jetpack_sharing_enabled":true,"_links":{"self":[{"href":"https:\/\/catrionamclean.com\/shopfr\/wp-json\/wp\/v2\/product\/7754","targetHints":{"allow":["GET"]}}],"collection":[{"href":"https:\/\/catrionamclean.com\/shopfr\/wp-json\/wp\/v2\/product"}],"about":[{"href":"https:\/\/catrionamclean.com\/shopfr\/wp-json\/wp\/v2\/types\/product"}],"replies":[{"embeddable":true,"href":"https:\/\/catrionamclean.com\/shopfr\/wp-json\/wp\/v2\/comments?post=7754"}],"wp:featuredmedia":[{"embeddable":true,"href":"https:\/\/catrionamclean.com\/shopfr\/wp-json\/wp\/v2\/media\/7755"}],"wp:attachment":[{"href":"https:\/\/catrionamclean.com\/shopfr\/wp-json\/wp\/v2\/media?parent=7754"}],"wp:term":[{"taxonomy":"product_brand","embeddable":true,"href":"https:\/\/catrionamclean.com\/shopfr\/wp-json\/wp\/v2\/product_brand?post=7754"},{"taxonomy":"product_cat","embeddable":true,"href":"https:\/\/catrionamclean.com\/shopfr\/wp-json\/wp\/v2\/product_cat?post=7754"},{"taxonomy":"product_tag","embeddable":true,"href":"https:\/\/catrionamclean.com\/shopfr\/wp-json\/wp\/v2\/product_tag?post=7754"}],"curies":[{"name":"wp","href":"https:\/\/api.w.org\/{rel}","templated":true}]}}