{"id":909,"date":"2017-10-26T12:50:03","date_gmt":"2017-10-26T10:50:03","guid":{"rendered":"http:\/\/catrionamclean.com\/shopfr\/produit\/dw-3001\/"},"modified":"2023-08-14T13:16:24","modified_gmt":"2023-08-14T11:16:24","slug":"dw-3001","status":"publish","type":"product","link":"https:\/\/catrionamclean.com\/shopfr\/produit\/dw-3001\/","title":{"rendered":"De Wit Transplantoir victorien &#8211; moyen"},"content":{"rendered":"<p>Truelle de plantation de style victorien pour une utilisation g\u00e9n\u00e9rale du jardin.<br \/>\nFacile \u00e0 utiliser pour la plantation g\u00e9n\u00e9rale, la replantation dans le jardin fleuri ou potager<\/p>\n<p>Acier Carbone poign\u00e9e en bois de fr\u00eane issu de for\u00eats certifi\u00e9es FSC.<br \/>\nId\u00e9ale pour planter les vivaces, annuelles en pot ou en massif<br \/>\nFabriqu\u00e9 en Hollande par DE WIT<br \/>\nDimensions: 325x75x35 mm<br \/>\nPoids: 0.26 kg<\/p>\n<p>De Wit, Artisans depuis 1898<br \/>\nDepuis plus de 115 ans, le nom de De Wit est synonyme d\u2019un artisanat fiable et de grande qualit\u00e9. Depuis 1898, la famille De Wit fabrique des outils de jardinage et des outils agricoles en acier au carbone dans leur fonderie dans le nord de la Hollande.<br \/>\nC\u2019est une entreprise familiale qui associe l&rsquo;artisanat \u00e0 la tradition, qui n&rsquo;a pas peur de l&rsquo;innovation. Choisir De Wit est une garantie pour la qualit\u00e9 la plus fine des outils forg\u00e9s, avec une gamme de produits v\u00e9n\u00e9r\u00e9s dans le monde entier.<br \/>\nLes outils en acier forg\u00e9 sont les plus r\u00e9sistants. L\u2019acier au carbone est par nature beaucoup plus solide que l&rsquo;acier inoxydable.<br \/>\nCes outils en acier forg\u00e9s \u00e0 la main, sont de la plus haute qualit\u00e9, et sont les meilleurs pour jardiner .Le nom De Wit est renomm\u00e9 dans le monde du jardinage.<br \/>\nChaque mod\u00e8le poss\u00e8de une teneur en carbone en acier sp\u00e9cifique en fonction de son utilisation. Les lames sont forg\u00e9es \u00e0 la main avec un bord effil\u00e9 qui p\u00e9n\u00e8trent dans le sol avec beaucoup de facilit\u00e9.<br \/>\nLes poign\u00e9es en bois franc sont en fr\u00eane europ\u00e9en de source durable. Elles sont huil\u00e9es et la prise en main est douce et tr\u00e8s confortable, m\u00eame pour le jardinage difficile.<\/p>\n","protected":false},"excerpt":{"rendered":"<p>Transplantoir &lsquo;Victorian&rsquo; en acier carbone, pour creuser le terre, faire les trous de plantation.<br \/>\n<em>Victorian Trowel medium<\/em><\/p>\n","protected":false},"featured_media":910,"comment_status":"closed","ping_status":"closed","template":"","meta":{"_links_to":"","_links_to_target":""},"product_brand":[],"product_cat":[16],"product_tag":[162,17],"class_list":{"0":"post-909","1":"product","2":"type-product","3":"status-publish","4":"has-post-thumbnail","6":"product_cat-outils-a-main-de-wit","7":"product_tag-de-wit","8":"product_tag-transplantoir","9":"product_shipping_class-col1k","11":"first","12":"outofstock","13":"purchasable","14":"product-type-simple"},"jetpack_sharing_enabled":true,"_links":{"self":[{"href":"https:\/\/catrionamclean.com\/shopfr\/wp-json\/wp\/v2\/product\/909","targetHints":{"allow":["GET"]}}],"collection":[{"href":"https:\/\/catrionamclean.com\/shopfr\/wp-json\/wp\/v2\/product"}],"about":[{"href":"https:\/\/catrionamclean.com\/shopfr\/wp-json\/wp\/v2\/types\/product"}],"replies":[{"embeddable":true,"href":"https:\/\/catrionamclean.com\/shopfr\/wp-json\/wp\/v2\/comments?post=909"}],"wp:featuredmedia":[{"embeddable":true,"href":"https:\/\/catrionamclean.com\/shopfr\/wp-json\/wp\/v2\/media\/910"}],"wp:attachment":[{"href":"https:\/\/catrionamclean.com\/shopfr\/wp-json\/wp\/v2\/media?parent=909"}],"wp:term":[{"taxonomy":"product_brand","embeddable":true,"href":"https:\/\/catrionamclean.com\/shopfr\/wp-json\/wp\/v2\/product_brand?post=909"},{"taxonomy":"product_cat","embeddable":true,"href":"https:\/\/catrionamclean.com\/shopfr\/wp-json\/wp\/v2\/product_cat?post=909"},{"taxonomy":"product_tag","embeddable":true,"href":"https:\/\/catrionamclean.com\/shopfr\/wp-json\/wp\/v2\/product_tag?post=909"}],"curies":[{"name":"wp","href":"https:\/\/api.w.org\/{rel}","templated":true}]}}