{"id":95,"date":"2017-09-18T15:26:30","date_gmt":"2017-09-18T13:26:30","guid":{"rendered":"http:\/\/catrionamclean.com\/shopfr\/produit\/dw-3051\/"},"modified":"2023-10-30T11:03:55","modified_gmt":"2023-10-30T10:03:55","slug":"dw-3051","status":"publish","type":"product","link":"https:\/\/catrionamclean.com\/shopfr\/produit\/dw-3051\/","title":{"rendered":"DW 3051 De Wit Griffe \u00e0 3 dents &#8211; manche court"},"content":{"rendered":"<p>Cultivateur \u00e0 3 dents pour l\u2019a\u00e9ration, le d\u00e9sherbage et le travail habituel autour des plantes en massifs, en pots et en vases.<br \/>\nBon pour d\u00e9compacter le sol et \u00e9liminer les semis des mauvaises herbes.<\/p>\n<p>Forg\u00e9 en acier carbone avec poign\u00e9e en fr\u00eane<br \/>\nFabriqu\u00e9 en Hollande par DE WIT<br \/>\nDimensions: 290x80x50 mm<br \/>\nPoids: 0.18 kg<\/p>\n<p>De Wit, Artisans depuis 1898<br \/>\nDepuis plus de 115 ans, le nom de De Wit est synonyme d\u2019un artisanat fiable et de grande qualit\u00e9. Depuis 1898, la famille De Wit fabrique des outils de jardinage et des outils agricoles en acier au carbone dans leur fonderie dans le nord de la Hollande.<br \/>\nC\u2019est une entreprise familiale qui associe l&rsquo;artisanat \u00e0 la tradition, qui n&rsquo;a pas peur de l&rsquo;innovation. Choisir De Wit est une garantie pour la qualit\u00e9 la plus fine des outils forg\u00e9s, avec une gamme de produits v\u00e9n\u00e9r\u00e9s dans le monde entier.<br \/>\nLes outils en acier forg\u00e9 sont les plus r\u00e9sistants. L\u2019acier au carbone est par nature beaucoup plus solide que l&rsquo;acier inoxydable.<br \/>\nCes outils en acier forg\u00e9s \u00e0 la main, sont de la plus haute qualit\u00e9, et sont les meilleurs pour jardiner .Le nom De Wit est renomm\u00e9 dans le monde du jardinage.<br \/>\nChaque mod\u00e8le poss\u00e8de une teneur en carbone en acier sp\u00e9cifique en fonction de son utilisation. Les lames sont forg\u00e9es \u00e0 la main avec un bord effil\u00e9 qui p\u00e9n\u00e8trent dans le sol avec beaucoup de facilit\u00e9.<br \/>\nLes poign\u00e9es en bois franc sont en fr\u00eane europ\u00e9en de source durable. Elles sont huil\u00e9es et la prise en main est douce et tr\u00e8s confortable, m\u00eame pour le jardinage difficile.<\/p>\n","protected":false},"excerpt":{"rendered":"<p>Cultivateur \u00e0 3 dents pour l\u2019a\u00e9ration et le travail autour des plantes en massifs en pots et en vases<br \/>\n<em>3 tine Cultivator \u2013 140 mm<\/em><\/p>\n","protected":false},"featured_media":588,"comment_status":"closed","ping_status":"closed","template":"","meta":{"_links_to":"","_links_to_target":""},"product_brand":[],"product_cat":[16],"product_tag":[162,23],"class_list":{"0":"post-95","1":"product","2":"type-product","3":"status-publish","4":"has-post-thumbnail","6":"product_cat-outils-a-main-de-wit","7":"product_tag-de-wit","8":"product_tag-griffe","9":"product_shipping_class-col750","11":"first","12":"instock","13":"purchasable","14":"product-type-simple"},"jetpack_sharing_enabled":true,"_links":{"self":[{"href":"https:\/\/catrionamclean.com\/shopfr\/wp-json\/wp\/v2\/product\/95","targetHints":{"allow":["GET"]}}],"collection":[{"href":"https:\/\/catrionamclean.com\/shopfr\/wp-json\/wp\/v2\/product"}],"about":[{"href":"https:\/\/catrionamclean.com\/shopfr\/wp-json\/wp\/v2\/types\/product"}],"replies":[{"embeddable":true,"href":"https:\/\/catrionamclean.com\/shopfr\/wp-json\/wp\/v2\/comments?post=95"}],"wp:featuredmedia":[{"embeddable":true,"href":"https:\/\/catrionamclean.com\/shopfr\/wp-json\/wp\/v2\/media\/588"}],"wp:attachment":[{"href":"https:\/\/catrionamclean.com\/shopfr\/wp-json\/wp\/v2\/media?parent=95"}],"wp:term":[{"taxonomy":"product_brand","embeddable":true,"href":"https:\/\/catrionamclean.com\/shopfr\/wp-json\/wp\/v2\/product_brand?post=95"},{"taxonomy":"product_cat","embeddable":true,"href":"https:\/\/catrionamclean.com\/shopfr\/wp-json\/wp\/v2\/product_cat?post=95"},{"taxonomy":"product_tag","embeddable":true,"href":"https:\/\/catrionamclean.com\/shopfr\/wp-json\/wp\/v2\/product_tag?post=95"}],"curies":[{"name":"wp","href":"https:\/\/api.w.org\/{rel}","templated":true}]}}